

{"id":30814,"date":"2026-03-30T09:37:03","date_gmt":"2026-03-30T06:37:03","guid":{"rendered":"https:\/\/www.jeneratorparcalari.com\/?post_type=product&#038;p=30814"},"modified":"2026-03-30T09:37:03","modified_gmt":"2026-03-30T06:37:03","slug":"deif-aal-2","status":"publish","type":"product","link":"https:\/\/www.jeneratorparcalari.com\/en\/product\/deif-aal-2\/","title":{"rendered":"DEIF AAL &#8211; 2"},"content":{"rendered":"<p data-start=\"0\" data-end=\"47\"><strong data-start=\"0\" data-end=\"45\">AAL-2 \u2013 \u0130zolasyon \u0130zleyici (AC \u015eebekeler)<\/strong><\/p>\n<p data-start=\"49\" data-end=\"243\">DEIF\u2019in AAL-2 cihaz\u0131, bir <strong data-start=\"75\" data-end=\"97\">izolasyon izleyici<\/strong> olarak tasarlanm\u0131\u015ft\u0131r ve <strong data-start=\"123\" data-end=\"216\">izole AC gerilim da\u011f\u0131t\u0131m \u015febekesi ile toprak\/emniyet hatt\u0131 aras\u0131ndaki izolasyon direncini<\/strong> s\u00fcrekli olarak denetler.<\/p>\n<p data-start=\"245\" data-end=\"373\">Cihaz, <strong data-start=\"252\" data-end=\"289\">tek fazl\u0131 ve \u00fc\u00e7 fazl\u0131 \u015febekelerde<\/strong> (n\u00f6tr ba\u011flant\u0131l\u0131 veya n\u00f6trs\u00fcz) <strong data-start=\"321\" data-end=\"342\">440 V AC\u2019ye kadar<\/strong> gerilimlerde kullan\u0131labilir.<\/p>\n<p data-start=\"375\" data-end=\"591\" data-is-last-node=\"\" data-is-only-node=\"\">AAL-2, <strong data-start=\"382\" data-end=\"404\">dahili r\u00f6le \u00e7\u0131k\u0131\u015f\u0131<\/strong> ve <strong data-start=\"408\" data-end=\"443\">ayarlanabilir uyar\u0131 e\u015fik de\u011feri<\/strong> ile donat\u0131lm\u0131\u015ft\u0131r; b\u00f6ylece izolasyon direnci belirlenen seviyenin alt\u0131na d\u00fc\u015ft\u00fc\u011f\u00fcnde sistem operat\u00f6r\u00fcn\u00fc otomatik olarak uyar\u0131r ve g\u00fcvenli\u011fi art\u0131r\u0131r.<\/p>","protected":false},"excerpt":{"rendered":"<p data-start=\"0\" data-end=\"50\"><img fetchpriority=\"high\" decoding=\"async\" class=\"aligncenter size-full wp-image-30816\" src=\"https:\/\/www.jeneratorparcalari.com\/wp-content\/uploads\/2026\/03\/aal-2-back.png\" alt=\"\" width=\"740\" height=\"400\" srcset=\"https:\/\/www.jeneratorparcalari.com\/wp-content\/uploads\/2026\/03\/aal-2-back.png 740w, https:\/\/www.jeneratorparcalari.com\/wp-content\/uploads\/2026\/03\/aal-2-back-300x162.png 300w, https:\/\/www.jeneratorparcalari.com\/wp-content\/uploads\/2026\/03\/aal-2-back-340x184.png 340w, https:\/\/www.jeneratorparcalari.com\/wp-content\/uploads\/2026\/03\/aal-2-back-18x10.png 18w\" sizes=\"(max-width: 740px) 100vw, 740px\" \/><\/p>\n<p data-start=\"0\" data-end=\"50\"><strong data-start=\"0\" data-end=\"9\">AAL-2<\/strong><br data-start=\"9\" data-end=\"12\" \/><strong data-start=\"12\" data-end=\"48\">\u0130zolasyon \u0130zleyici, AC \u015eebekeler<\/strong><\/p>\n<p data-start=\"52\" data-end=\"265\">DEIF\u2019in AAL-2 cihaz\u0131, bir <strong data-start=\"78\" data-end=\"100\">izolasyon izleyici<\/strong> olarak tasarlanm\u0131\u015ft\u0131r ve <strong data-start=\"126\" data-end=\"223\">izole bir AC gerilim da\u011f\u0131t\u0131m \u015febekesi ile toprak\/emniyet hatt\u0131 aras\u0131ndaki izolasyon direncini<\/strong> s\u00fcrekli olarak izlemek i\u00e7in kullan\u0131l\u0131r.<\/p>\n<p data-start=\"267\" data-end=\"379\" data-is-last-node=\"\" data-is-only-node=\"\">Bu sayede elektriksel ar\u0131zalar ve ka\u00e7aklar erken tespit edilerek sistem g\u00fcvenli\u011fi ve ekipman korunmas\u0131 sa\u011flan\u0131r.<\/p>","protected":false},"featured_media":30815,"template":"","meta":[],"product_brand":[],"product_cat":[528],"product_tag":[],"class_list":{"0":"post-30814","1":"product","2":"type-product","3":"status-publish","4":"has-post-thumbnail","6":"product_cat-deif-2","8":"first","9":"instock","10":"shipping-taxable","11":"product-type-simple"},"_links":{"self":[{"href":"https:\/\/www.jeneratorparcalari.com\/en\/wp-json\/wp\/v2\/product\/30814","targetHints":{"allow":["GET"]}}],"collection":[{"href":"https:\/\/www.jeneratorparcalari.com\/en\/wp-json\/wp\/v2\/product"}],"about":[{"href":"https:\/\/www.jeneratorparcalari.com\/en\/wp-json\/wp\/v2\/types\/product"}],"version-history":[{"count":2,"href":"https:\/\/www.jeneratorparcalari.com\/en\/wp-json\/wp\/v2\/product\/30814\/revisions"}],"predecessor-version":[{"id":30818,"href":"https:\/\/www.jeneratorparcalari.com\/en\/wp-json\/wp\/v2\/product\/30814\/revisions\/30818"}],"wp:featuredmedia":[{"embeddable":true,"href":"https:\/\/www.jeneratorparcalari.com\/en\/wp-json\/wp\/v2\/media\/30815"}],"wp:attachment":[{"href":"https:\/\/www.jeneratorparcalari.com\/en\/wp-json\/wp\/v2\/media?parent=30814"}],"wp:term":[{"taxonomy":"product_brand","embeddable":true,"href":"https:\/\/www.jeneratorparcalari.com\/en\/wp-json\/wp\/v2\/product_brand?post=30814"},{"taxonomy":"product_cat","embeddable":true,"href":"https:\/\/www.jeneratorparcalari.com\/en\/wp-json\/wp\/v2\/product_cat?post=30814"},{"taxonomy":"product_tag","embeddable":true,"href":"https:\/\/www.jeneratorparcalari.com\/en\/wp-json\/wp\/v2\/product_tag?post=30814"}],"curies":[{"name":"wp","href":"https:\/\/api.w.org\/{rel}","templated":true}]}}