

{"id":30798,"date":"2026-03-30T09:28:01","date_gmt":"2026-03-30T06:28:01","guid":{"rendered":"https:\/\/www.jeneratorparcalari.com\/?post_type=product&#038;p=30798"},"modified":"2026-03-30T09:29:31","modified_gmt":"2026-03-30T06:29:31","slug":"deif-sgc-420-2","status":"publish","type":"product","link":"https:\/\/www.jeneratorparcalari.com\/en\/product\/deif-sgc-420-2\/","title":{"rendered":"DEIF SGC 420"},"content":{"rendered":"<p><img fetchpriority=\"high\" decoding=\"async\" class=\"size-full wp-image-30800\" src=\"https:\/\/www.jeneratorparcalari.com\/wp-content\/uploads\/2026\/03\/sgc-420-right-02.png\" alt=\"sgc-420-right-02\" width=\"740\" height=\"400\" srcset=\"https:\/\/www.jeneratorparcalari.com\/wp-content\/uploads\/2026\/03\/sgc-420-right-02.png 740w, https:\/\/www.jeneratorparcalari.com\/wp-content\/uploads\/2026\/03\/sgc-420-right-02-300x162.png 300w, https:\/\/www.jeneratorparcalari.com\/wp-content\/uploads\/2026\/03\/sgc-420-right-02-340x184.png 340w, https:\/\/www.jeneratorparcalari.com\/wp-content\/uploads\/2026\/03\/sgc-420-right-02-18x10.png 18w\" sizes=\"(max-width: 740px) 100vw, 740px\" \/><\/p>\n<p data-start=\"29\" data-end=\"274\">SGC 420, jenerat\u00f6r setlerinin kontrol\u00fc ve korunmas\u0131 i\u00e7in geli\u015ftirilmi\u015f, <strong data-start=\"101\" data-end=\"145\">geli\u015fmi\u015f bir jenerat\u00f6r kontrol cihaz\u0131d\u0131r<\/strong>. Hem tekli hem de paralel \u00e7al\u0131\u015fan sistemlerde y\u00fcksek performans ve g\u00fcvenilirlik sunarak enerji \u00fcretim s\u00fcre\u00e7lerini optimize eder.<\/p>\n<p data-start=\"276\" data-end=\"529\">Modern ve kullan\u0131c\u0131 dostu aray\u00fcz\u00fc sayesinde SGC 420, kolay kurulum ve h\u0131zl\u0131 devreye alma imk\u00e2n\u0131 sa\u011flar. Geni\u015f haberle\u015fme se\u00e7enekleri ile farkl\u0131 sistem bile\u015fenleriyle sorunsuz \u015fekilde entegre olur ve operat\u00f6rlere sistem \u00fczerinde tam kontrol imk\u00e2n\u0131 sunar.<\/p>\n<p data-start=\"531\" data-end=\"792\">Cihaz; jenerat\u00f6r\u00fcn ba\u015flat\u0131lmas\u0131, durdurulmas\u0131, izlenmesi ve korunmas\u0131 gibi t\u00fcm temel fonksiyonlar\u0131 tek bir platformda toplar. Ayr\u0131ca y\u00fck payla\u015f\u0131m\u0131 ve senkronizasyon gibi geli\u015fmi\u015f \u00f6zellikleri destekleyerek birden fazla jenerat\u00f6r\u00fcn uyum i\u00e7inde \u00e7al\u0131\u015fmas\u0131n\u0131 sa\u011flar.<\/p>\n<p data-start=\"794\" data-end=\"963\">Sa\u011flam yap\u0131s\u0131 sayesinde zorlu saha ko\u015fullar\u0131nda g\u00fcvenle \u00e7al\u0131\u015fabilen SGC 420, enerji santralleri, end\u00fcstriyel tesisler ve kritik g\u00fc\u00e7 uygulamalar\u0131 i\u00e7in ideal bir \u00e7\u00f6z\u00fcmd\u00fcr.<\/p>\n<p data-start=\"965\" data-end=\"1133\" data-is-last-node=\"\" data-is-only-node=\"\"><strong data-start=\"965\" data-end=\"981\">Sonu\u00e7 olarak<\/strong>, SGC 420; esneklik, g\u00fcvenilirlik ve geli\u015fmi\u015f kontrol \u00f6zelliklerini bir araya getirerek modern jenerat\u00f6r sistemleri i\u00e7in g\u00fc\u00e7l\u00fc bir kontrol \u00e7\u00f6z\u00fcm\u00fc sunar.<\/p>","protected":false},"excerpt":{"rendered":"<p data-start=\"0\" data-end=\"48\"><strong data-start=\"0\" data-end=\"11\">SGC 420<\/strong><br data-start=\"11\" data-end=\"14\" \/><strong data-start=\"14\" data-end=\"46\">Tek Jenerat\u00f6r Kontrol Cihaz\u0131<\/strong><\/p>\n<p data-start=\"50\" data-end=\"250\">SGC 420 kontrol\u00f6r\u00fc, jenerat\u00f6rl\u00fc <strong data-start=\"82\" data-end=\"117\">AMF (Otomatik \u015eebeke Kesintisi)<\/strong> uygulamalar\u0131 i\u00e7in tasarlanm\u0131\u015ft\u0131r. \u015eebeke enerjisi kesildi\u011finde jenerat\u00f6r\u00fc otomatik olarak devreye alarak kesintisiz enerji sa\u011flar.<\/p>\n<p data-start=\"252\" data-end=\"452\">Cihaz, <strong data-start=\"259\" data-end=\"298\">yak\u0131t tasarrufu sa\u011flayan \u00f6zellikler<\/strong> ile \u00f6ne \u00e7\u0131kar. Geli\u015fmi\u015f ak\u00fc \u015farj y\u00f6netimi ve s\u0131cakl\u0131k izleme fonksiyonlar\u0131 sayesinde jenerat\u00f6r\u00fcn verimli \u00e7al\u0131\u015fmas\u0131 sa\u011flan\u0131r ve ekipman\u0131n \u00f6mr\u00fc uzat\u0131l\u0131r.<\/p>\n<p data-start=\"454\" data-end=\"605\" data-is-last-node=\"\" data-is-only-node=\"\">Kompakt tasar\u0131m\u0131 ve kullan\u0131c\u0131 dostu aray\u00fcz\u00fc ile SGC 420, tek jenerat\u00f6r uygulamalar\u0131nda <strong data-start=\"541\" data-end=\"598\">g\u00fcvenilir, ekonomik ve kolay kullan\u0131labilir bir \u00e7\u00f6z\u00fcm<\/strong> sunar.<\/p>","protected":false},"featured_media":30799,"template":"","meta":[],"product_brand":[],"product_cat":[528],"product_tag":[],"class_list":{"0":"post-30798","1":"product","2":"type-product","3":"status-publish","4":"has-post-thumbnail","6":"product_cat-deif-2","8":"first","9":"instock","10":"shipping-taxable","11":"product-type-simple"},"_links":{"self":[{"href":"https:\/\/www.jeneratorparcalari.com\/en\/wp-json\/wp\/v2\/product\/30798","targetHints":{"allow":["GET"]}}],"collection":[{"href":"https:\/\/www.jeneratorparcalari.com\/en\/wp-json\/wp\/v2\/product"}],"about":[{"href":"https:\/\/www.jeneratorparcalari.com\/en\/wp-json\/wp\/v2\/types\/product"}],"version-history":[{"count":4,"href":"https:\/\/www.jeneratorparcalari.com\/en\/wp-json\/wp\/v2\/product\/30798\/revisions"}],"predecessor-version":[{"id":30804,"href":"https:\/\/www.jeneratorparcalari.com\/en\/wp-json\/wp\/v2\/product\/30798\/revisions\/30804"}],"wp:featuredmedia":[{"embeddable":true,"href":"https:\/\/www.jeneratorparcalari.com\/en\/wp-json\/wp\/v2\/media\/30799"}],"wp:attachment":[{"href":"https:\/\/www.jeneratorparcalari.com\/en\/wp-json\/wp\/v2\/media?parent=30798"}],"wp:term":[{"taxonomy":"product_brand","embeddable":true,"href":"https:\/\/www.jeneratorparcalari.com\/en\/wp-json\/wp\/v2\/product_brand?post=30798"},{"taxonomy":"product_cat","embeddable":true,"href":"https:\/\/www.jeneratorparcalari.com\/en\/wp-json\/wp\/v2\/product_cat?post=30798"},{"taxonomy":"product_tag","embeddable":true,"href":"https:\/\/www.jeneratorparcalari.com\/en\/wp-json\/wp\/v2\/product_tag?post=30798"}],"curies":[{"name":"wp","href":"https:\/\/api.w.org\/{rel}","templated":true}]}}