

{"id":30792,"date":"2026-03-30T09:23:42","date_gmt":"2026-03-30T06:23:42","guid":{"rendered":"https:\/\/www.jeneratorparcalari.com\/?post_type=product&#038;p=30792"},"modified":"2026-03-30T09:25:03","modified_gmt":"2026-03-30T06:25:03","slug":"dejf-cio-208-can-bus-tabanli-i-o-modulu","status":"publish","type":"product","link":"https:\/\/www.jeneratorparcalari.com\/en\/product\/dejf-cio-208-can-bus-tabanli-i-o-modulu\/","title":{"rendered":"DEIF CIO 208 CAN BUS TABANLI I\/O MOD\u00dcL\u00dc"},"content":{"rendered":"<p data-start=\"29\" data-end=\"311\">CIO 208, kontrol\u00f6r\u00fcn\u00fcz\u00fcn dijital \u00e7\u0131k\u0131\u015f kapasitesinin yetersiz kald\u0131\u011f\u0131 durumlar i\u00e7in tasarlanm\u0131\u015f, <strong data-start=\"126\" data-end=\"164\">uzaktan \u00e7\u0131k\u0131\u015f geni\u015fletme mod\u00fcl\u00fcd\u00fcr<\/strong>. \u00d6zellikle karma\u015f\u0131k uygulamalarda ihtiya\u00e7 duyulan y\u00fcksek say\u0131da dijital \u00e7\u0131k\u0131\u015f\u0131 kar\u015f\u0131layarak sistemin daha esnek ve \u00f6l\u00e7eklenebilir olmas\u0131n\u0131 sa\u011flar.<\/p>\n<p data-start=\"313\" data-end=\"549\">CAN bus tabanl\u0131 haberle\u015fme altyap\u0131s\u0131 sayesinde CIO 208, mevcut sistemlere kolayca entegre edilir ve g\u00fcvenilir veri ileti\u015fimi sunar. Bu sayede jenerat\u00f6r kontrol ve enerji y\u00f6netim sistemlerinde merkezi kontrol ve izleme m\u00fcmk\u00fcn hale gelir.<\/p>\n<p data-start=\"551\" data-end=\"605\">CIO 208, a\u015fa\u011f\u0131daki DEIF kontrol\u00f6rleri ile uyumludur:<\/p>\n<ul data-start=\"606\" data-end=\"706\">\n<li data-section-id=\"15scimq\" data-start=\"606\" data-end=\"621\">AGC-4 Mk II<\/li>\n<li data-section-id=\"xlkhdg\" data-start=\"622\" data-end=\"631\">AGC-4<\/li>\n<li data-section-id=\"15dbecg\" data-start=\"632\" data-end=\"641\">ASC-4<\/li>\n<li data-section-id=\"1iallqo\" data-start=\"642\" data-end=\"652\">iE 150<\/li>\n<li data-section-id=\"1pocox8\" data-start=\"653\" data-end=\"670\">iE 150 Marine<\/li>\n<li data-section-id=\"fmqz09\" data-start=\"671\" data-end=\"682\">AGC 150<\/li>\n<li data-section-id=\"kbmsz1\" data-start=\"683\" data-end=\"694\">ASC 150<\/li>\n<li data-section-id=\"fnip9b\" data-start=\"695\" data-end=\"706\">AGC 200<\/li>\n<\/ul>\n<p data-start=\"708\" data-end=\"833\">Bu geni\u015f uyumluluk sayesinde farkl\u0131 sistem mimarilerinde rahatl\u0131kla kullan\u0131labilir ve mevcut altyap\u0131ya kolayca adapte edilir.<\/p>\n<p data-start=\"835\" data-end=\"1006\" data-is-last-node=\"\" data-is-only-node=\"\"><strong data-start=\"835\" data-end=\"851\">Sonu\u00e7 olarak<\/strong>, CIO 208; y\u00fcksek \u00e7\u0131k\u0131\u015f ihtiyac\u0131 olan projelerde g\u00fcvenilir, esnek ve kolay entegre edilebilir bir \u00e7\u00f6z\u00fcm sunarak enerji sistemlerinin performans\u0131n\u0131 art\u0131r\u0131r.<\/p>","protected":false},"excerpt":{"rendered":"<p data-start=\"0\" data-end=\"44\"><strong data-start=\"0\" data-end=\"11\">CIO 208<\/strong><br data-start=\"11\" data-end=\"14\" \/><strong data-start=\"14\" data-end=\"44\">CAN bus tabanl\u0131 I\/O mod\u00fcl\u00fc<\/strong><\/p>\n<p data-start=\"46\" data-end=\"321\" data-is-last-node=\"\" data-is-only-node=\"\">CIO 208, kontrol\u00f6r\u00fcn\u00fcz\u00fcn dijital \u00e7\u0131k\u0131\u015f kapasitesinin yetersiz kald\u0131\u011f\u0131 karma\u015f\u0131k uygulamalar i\u00e7in geli\u015ftirilmi\u015f bir <strong data-start=\"160\" data-end=\"198\">uzaktan \u00e7\u0131k\u0131\u015f geni\u015fletme mod\u00fcl\u00fcd\u00fcr<\/strong>. CAN bus tabanl\u0131 yap\u0131s\u0131 sayesinde sistemle kolayca entegre olur ve ek dijital \u00e7\u0131k\u0131\u015f ihtiyac\u0131n\u0131 g\u00fcvenilir \u015fekilde kar\u015f\u0131lar.<\/p>","protected":false},"featured_media":30795,"template":"","meta":[],"product_brand":[],"product_cat":[15,528],"product_tag":[],"class_list":{"0":"post-30792","1":"product","2":"type-product","3":"status-publish","4":"has-post-thumbnail","6":"product_cat-tum-urunler","7":"product_cat-deif-2","9":"first","10":"instock","11":"shipping-taxable","12":"product-type-simple"},"_links":{"self":[{"href":"https:\/\/www.jeneratorparcalari.com\/en\/wp-json\/wp\/v2\/product\/30792","targetHints":{"allow":["GET"]}}],"collection":[{"href":"https:\/\/www.jeneratorparcalari.com\/en\/wp-json\/wp\/v2\/product"}],"about":[{"href":"https:\/\/www.jeneratorparcalari.com\/en\/wp-json\/wp\/v2\/types\/product"}],"version-history":[{"count":4,"href":"https:\/\/www.jeneratorparcalari.com\/en\/wp-json\/wp\/v2\/product\/30792\/revisions"}],"predecessor-version":[{"id":30797,"href":"https:\/\/www.jeneratorparcalari.com\/en\/wp-json\/wp\/v2\/product\/30792\/revisions\/30797"}],"wp:featuredmedia":[{"embeddable":true,"href":"https:\/\/www.jeneratorparcalari.com\/en\/wp-json\/wp\/v2\/media\/30795"}],"wp:attachment":[{"href":"https:\/\/www.jeneratorparcalari.com\/en\/wp-json\/wp\/v2\/media?parent=30792"}],"wp:term":[{"taxonomy":"product_brand","embeddable":true,"href":"https:\/\/www.jeneratorparcalari.com\/en\/wp-json\/wp\/v2\/product_brand?post=30792"},{"taxonomy":"product_cat","embeddable":true,"href":"https:\/\/www.jeneratorparcalari.com\/en\/wp-json\/wp\/v2\/product_cat?post=30792"},{"taxonomy":"product_tag","embeddable":true,"href":"https:\/\/www.jeneratorparcalari.com\/en\/wp-json\/wp\/v2\/product_tag?post=30792"}],"curies":[{"name":"wp","href":"https:\/\/api.w.org\/{rel}","templated":true}]}}