

{"id":30764,"date":"2026-03-26T18:08:53","date_gmt":"2026-03-26T15:08:53","guid":{"rendered":"https:\/\/www.jeneratorparcalari.com\/?post_type=product&#038;p=30764"},"modified":"2026-04-15T13:03:54","modified_gmt":"2026-04-15T10:03:54","slug":"deif-agc-150","status":"publish","type":"product","link":"https:\/\/www.jeneratorparcalari.com\/en\/product\/deif-agc-150\/","title":{"rendered":"DEIF AGC 150"},"content":{"rendered":"<h2 data-section-id=\"17l495b\" data-start=\"332\" data-end=\"374\">Neden DEIF Jenerat\u00f6r Kontrol Cihazlar\u0131?<\/h2>\n<p data-start=\"376\" data-end=\"545\"><strong data-start=\"376\" data-end=\"393\">Hassas \u0130zleme<\/strong><br data-start=\"393\" data-end=\"396\" \/>Kritik jenerat\u00f6r parametrelerini ger\u00e7ek zamanl\u0131 olarak takip ederek optimum performans, g\u00fcvenilirlik ve olas\u0131 sorunlara h\u0131zl\u0131 m\u00fcdahale imk\u00e2n\u0131 sa\u011flar.<\/p>\n<p data-start=\"547\" data-end=\"715\"><strong data-start=\"547\" data-end=\"572\">Art\u0131r\u0131lm\u0131\u015f Verimlilik<\/strong><br data-start=\"572\" data-end=\"575\" \/>Ak\u0131ll\u0131 kontrol algoritmalar\u0131 sayesinde yak\u0131t t\u00fcketimini azalt\u0131r ve t\u00fcm \u00e7al\u0131\u015fma ko\u015fullar\u0131nda maksimum verimlilik elde etmenize yard\u0131mc\u0131 olur.<\/p>\n<p data-start=\"717\" data-end=\"850\"><strong data-start=\"717\" data-end=\"741\">Sorunsuz Entegrasyon<\/strong><br data-start=\"741\" data-end=\"744\" \/>Farkl\u0131 jenerat\u00f6r modelleri ve sistemleriyle kolayca entegre olur; h\u0131zl\u0131 kurulum ve y\u00fcksek uyumluluk sunar.<\/p>\n<p data-start=\"852\" data-end=\"1027\"><strong data-start=\"852\" data-end=\"870\">Uzaktan Eri\u015fim<\/strong><br data-start=\"870\" data-end=\"873\" \/>Jenerat\u00f6rlerinizi istedi\u011finiz yerden izleyin ve y\u00f6netin. Uzaktan eri\u015fim \u00f6zellikleri sayesinde proaktif bak\u0131m ve daha y\u00fcksek \u00e7al\u0131\u015fma s\u00fcresi elde edersiniz.<\/p>\n<p data-start=\"1029\" data-end=\"1178\"><strong data-start=\"1029\" data-end=\"1056\">\u00d6l\u00e7eklenebilir \u00c7\u00f6z\u00fcmler<\/strong><br data-start=\"1056\" data-end=\"1059\" \/>Tek bir jenerat\u00f6rden karma\u015f\u0131k enerji santrallerine kadar, ihtiya\u00e7lar\u0131n\u0131za uygun esnek ve \u00f6l\u00e7eklenebilir \u00e7\u00f6z\u00fcmler sunar.<\/p>\n<h2 data-section-id=\"j336r9\" data-start=\"1180\" data-end=\"1233\">DEIF Jenerat\u00f6r Kontrol Cihazlar\u0131 Serisini Ke\u015ffedin<\/h2>\n<p data-start=\"1235\" data-end=\"1403\">\u00dcst\u00fcn performans, g\u00fcvenilirlik ve kullan\u0131m kolayl\u0131\u011f\u0131 sunmak \u00fczere tasarlanm\u0131\u015f geni\u015f \u00fcr\u00fcn yelpazesini ke\u015ffedin ve g\u00fc\u00e7 \u00fcretim sistemleriniz \u00fczerinde tam kontrol sa\u011flay\u0131n.<\/p>","protected":false},"excerpt":{"rendered":"<p data-start=\"1235\" data-end=\"1403\"><img fetchpriority=\"high\" decoding=\"async\" class=\"aligncenter size-full wp-image-30784\" src=\"https:\/\/www.jeneratorparcalari.com\/wp-content\/uploads\/2026\/03\/agc-150_back.png\" alt=\"\" width=\"740\" height=\"400\" srcset=\"https:\/\/www.jeneratorparcalari.com\/wp-content\/uploads\/2026\/03\/agc-150_back.png 740w, https:\/\/www.jeneratorparcalari.com\/wp-content\/uploads\/2026\/03\/agc-150_back-300x162.png 300w, https:\/\/www.jeneratorparcalari.com\/wp-content\/uploads\/2026\/03\/agc-150_back-340x184.png 340w, https:\/\/www.jeneratorparcalari.com\/wp-content\/uploads\/2026\/03\/agc-150_back-18x10.png 18w\" sizes=\"(max-width: 740px) 100vw, 740px\" \/><\/p>\n<p>DEIF AGC 150 serisi, jenerat\u00f6r setleri, motorlar ve hibrit g\u00fc\u00e7 sistemleri i\u00e7in tasarlanm\u0131\u015f kompakt, y\u00fcksek kaliteli ve g\u00fcvenilir bir Geli\u015fmi\u015f Jenerat\u00f6r Kontrol\u00fc (Advanced Genset Controller) sistemidir. Hem tekli hem de paralel \u00e7al\u0131\u015fan sistemlerde kullan\u0131labilen bu seri, \u00f6zellikle k\u00fc\u00e7\u00fck jenerat\u00f6rlerin dahi paralel ba\u011flanabilmesini sa\u011flayan ince bir tasar\u0131ma sahiptir.<\/p>\n<ul class=\"KsbFXc U6u95\" data-sfc-root=\"c\" data-sfc-cb=\"\" data-complete=\"true\" data-processed=\"true\">\n<li class=\"dF3vjf\" data-sfc-root=\"c\" data-sfc-cb=\"\" data-hveid=\"CAQQAA\" data-complete=\"true\" data-sae=\"\"><span class=\"T286Pc\" data-sfc-cp=\"\" data-sfc-root=\"c\" data-sfc-cb=\"\" data-complete=\"true\"><strong class=\"Yjhzub\" data-sfc-root=\"c\" data-sfc-cb=\"\" data-complete=\"true\">Kullan\u0131c\u0131 Dostu Tasar\u0131m:<\/strong>\u00a0G\u00fcne\u015f \u0131\u015f\u0131\u011f\u0131nda okunabilen LCD ekran ve operat\u00f6re sadece o anki i\u015flevle ilgili d\u00fc\u011fmeleri g\u00f6steren ak\u0131ll\u0131 ayd\u0131nlatma sistemi.<\/span><\/li>\n<li class=\"dF3vjf\" data-sfc-root=\"c\" data-sfc-cb=\"\" data-hveid=\"CAQQAQ\" data-complete=\"true\" data-sae=\"\"><span class=\"T286Pc\" data-sfc-cp=\"\" data-sfc-root=\"c\" data-sfc-cb=\"\" data-complete=\"true\"><strong class=\"Yjhzub\" data-sfc-root=\"c\" data-sfc-cb=\"\" data-complete=\"true\">Geni\u015f \u00c7al\u0131\u015fma Aral\u0131\u011f\u0131:<\/strong>\u00a06.5 &#8211; 35 V DC aras\u0131 \u00e7al\u0131\u015fma voltaj\u0131 ve -40\u00b0C ile +70\u00b0C aras\u0131 a\u015f\u0131r\u0131 s\u0131cakl\u0131k ko\u015fullar\u0131na dayan\u0131kl\u0131l\u0131k.<\/span><\/li>\n<li class=\"dF3vjf\" data-sfc-root=\"c\" data-sfc-cb=\"\" data-hveid=\"CAQQAg\" data-complete=\"true\" data-sae=\"\"><span class=\"T286Pc\" data-sfc-cp=\"\" data-sfc-root=\"c\" data-sfc-cb=\"\" data-complete=\"true\"><strong class=\"Yjhzub\" data-sfc-root=\"c\" data-sfc-cb=\"\" data-complete=\"true\">Esnek Ba\u011flant\u0131:<\/strong>\u00a0CANbus, RS485, USB ve Ethernet \u00fczerinden haberle\u015fme deste\u011fi sa\u011flar.<\/span><\/li>\n<li class=\"dF3vjf\" data-sfc-root=\"c\" data-sfc-cb=\"\" data-hveid=\"CAQQAw\" data-complete=\"true\" data-sae=\"\"><span class=\"T286Pc\" data-sfc-cp=\"\" data-sfc-root=\"c\" data-sfc-cb=\"\" data-complete=\"true\"><strong class=\"Yjhzub\" data-sfc-root=\"c\" data-sfc-cb=\"\" data-complete=\"true\">Entegre Kontrol:<\/strong>\u00a0Harici cihaz ihtiyac\u0131n\u0131 ortadan kald\u0131ran dahili analog AVR (Voltaj Reg\u00fclat\u00f6r\u00fc) ve GOV (H\u0131z Kontrol\u00fc) \u00e7\u0131k\u0131\u015flar\u0131na sahiptir.<\/span><\/li>\n<li class=\"dF3vjf\" data-sfc-root=\"c\" data-sfc-cb=\"\" data-hveid=\"CAQQBA\" data-complete=\"true\" data-sae=\"\"><span class=\"T286Pc\" data-sfc-cp=\"\" data-sfc-root=\"c\" data-sfc-cb=\"\" data-complete=\"true\"><strong class=\"Yjhzub\" data-sfc-root=\"c\" data-sfc-cb=\"\" data-complete=\"true\">G\u00fcvenlik:<\/strong>\u00a0Parola korumal\u0131 ve rol tabanl\u0131 (M\u00fc\u015fteri, Servis, Master) \u00fc\u00e7 seviyeli eri\u015fim kontrol\u00fc.<\/span><span class=\"uJ19be notranslate\" data-sfc-root=\"c\" data-wiz-uids=\"lwGze_1b,lwGze_1c\" data-sfc-cb=\"\" data-complete=\"true\"><span class=\"vKEkVd\" data-animation-atomic=\"\" data-wiz-attrbind=\"class=lwGze_1a\/TKHnVd\" data-sae=\"\"><span aria-hidden=\"true\">\u00a0<\/span><\/span><\/span><\/li>\n<\/ul>\n<div class=\"Fsg96\" data-sfc-cp=\"\" data-sfc-root=\"c\" data-sfc-cb=\"\" data-complete=\"true\" data-processed=\"true\"><\/div>\n<div class=\"otQkpb\" role=\"heading\" aria-level=\"3\" data-animation-nesting=\"\" data-sfc-cp=\"\" data-sfc-root=\"c\" data-sfc-cb=\"\" data-complete=\"true\" data-processed=\"true\" data-sae=\"\">AGC 150 Serisi Varyantlar\u0131<\/div>\n<div class=\"Y3BBE\" data-sfc-cp=\"\" data-sfc-root=\"c\" data-sfc-cb=\"\" data-hveid=\"CAYQAA\" data-processed=\"true\" data-complete=\"true\">DEIF, farkl\u0131 uygulama ihtiya\u00e7lar\u0131 i\u00e7in \u00f6zel modeller sunar:<\/div>\n<ul class=\"KsbFXc U6u95\" data-sfc-root=\"c\" data-sfc-cb=\"\" data-processed=\"true\" data-complete=\"true\">\n<li class=\"dF3vjf\" data-sfc-root=\"c\" data-sfc-cb=\"\" data-hveid=\"CAgQAA\" data-complete=\"true\" data-sae=\"\"><span class=\"T286Pc\" data-sfc-cp=\"\" data-sfc-root=\"c\" data-sfc-cb=\"\" data-complete=\"true\"><strong class=\"Yjhzub\" data-sfc-root=\"c\" data-sfc-cb=\"\" data-complete=\"true\">AGC 150 Generator:<\/strong>\u00a0Jenerat\u00f6rlerin kontrol\u00fc, korunmas\u0131 ve paralellenmesi i\u00e7in.<\/span><\/li>\n<li class=\"dF3vjf\" data-sfc-root=\"c\" data-sfc-cb=\"\" data-hveid=\"CAgQAQ\" data-complete=\"true\" data-sae=\"\"><span class=\"T286Pc\" data-sfc-cp=\"\" data-sfc-root=\"c\" data-sfc-cb=\"\" data-complete=\"true\"><strong class=\"Yjhzub\" data-sfc-root=\"c\" data-sfc-cb=\"\" data-complete=\"true\">AGC 150 Stand-alone:<\/strong>\u00a0Paralel \u00e7al\u0131\u015fma gerektirmeyen tekli jenerat\u00f6r uygulamalar\u0131 i\u00e7in g\u00fcvenilir koruma sa\u011flar.<\/span><\/li>\n<li class=\"dF3vjf\" data-sfc-root=\"c\" data-sfc-cb=\"\" data-hveid=\"CAgQAg\" data-complete=\"true\" data-sae=\"\"><span class=\"T286Pc\" data-sfc-cp=\"\" data-sfc-root=\"c\" data-sfc-cb=\"\" data-complete=\"true\"><strong class=\"Yjhzub\" data-sfc-root=\"c\" data-sfc-cb=\"\" data-complete=\"true\">AGC 150 Hybrid:<\/strong>\u00a0Fotovoltaik (G\u00fcne\u015f) enerji ve jenerat\u00f6r kombinasyonlu hibrit sistemlerin y\u00f6netimi i\u00e7in tasarlanm\u0131\u015ft\u0131r.<\/span><\/li>\n<li class=\"dF3vjf\" data-sfc-root=\"c\" data-sfc-cb=\"\" data-hveid=\"CAgQAw\" data-complete=\"true\" data-sae=\"\"><span class=\"T286Pc\" data-sfc-cp=\"\" data-sfc-root=\"c\" data-sfc-cb=\"\" data-complete=\"true\"><strong class=\"Yjhzub\" data-sfc-root=\"c\" data-sfc-cb=\"\" data-complete=\"true\">AGC 150 Mains &amp; BTB:<\/strong>\u00a0\u015eebeke izleme, \u015febeke kesicisi (Mains) ve bara ba\u011flama (BTB) senkronizasyonu i\u00e7in kullan\u0131l\u0131r.<\/span><\/li>\n<li class=\"dF3vjf\" data-sfc-root=\"c\" data-sfc-cb=\"\" data-hveid=\"CAgQBA\" data-complete=\"true\" data-sae=\"\"><span class=\"T286Pc\" data-sfc-cp=\"\" data-sfc-root=\"c\" data-sfc-cb=\"\" data-complete=\"true\"><strong class=\"Yjhzub\" data-sfc-root=\"c\" data-sfc-cb=\"\" data-complete=\"true\">AGC 150 Engine Drive:<\/strong>\u00a0Pompa veya sprinkler gibi motor tahrikli uygulamalarda start\/stop ve h\u0131z kontrol\u00fc sa\u011flar.<\/span><\/li>\n<li class=\"dF3vjf\" data-sfc-root=\"c\" data-sfc-cb=\"\" data-hveid=\"CAgQBQ\" data-sae=\"\" data-complete=\"true\"><span class=\"T286Pc\" data-sfc-cp=\"\" data-sfc-root=\"c\" data-sfc-cb=\"\" data-complete=\"true\" aria-owns=\"action-menu-parent-container\"><strong class=\"Yjhzub\" data-sfc-root=\"c\" data-sfc-cb=\"\" data-complete=\"true\">AGC 150 ATS:<\/strong>\u00a0Otomatik transfer \u015falteri kontrol\u00f6r\u00fc olarak, \u00fc\u00e7 adede kadar kesiciyi y\u00f6neterek yedek g\u00fc\u00e7 sistemlerini koordine eder.<\/span><\/li>\n<\/ul>\n<p data-start=\"0\" data-end=\"330\"><span class=\"hover:entity-accent entity-underline inline cursor-pointer align-baseline\"><span class=\"whitespace-normal\">DEIF<\/span><\/span>, jenerat\u00f6r performans\u0131n\u0131 optimize etmek ve g\u00fcvenilir g\u00fc\u00e7 y\u00f6netimi sa\u011flamak \u00fczere tasarlanm\u0131\u015f son teknoloji genset (jenerat\u00f6r seti) kontrol \u00e7\u00f6z\u00fcmleri sunar. Geli\u015fmi\u015f teknolojisi sayesinde DEIF, g\u00fc\u00e7 \u00fcretim sistemlerinizi hassasiyetle izleme, y\u00f6netme ve verimli \u015fekilde \u00e7al\u0131\u015ft\u0131rma imk\u00e2n\u0131 sa\u011flar.<\/p>","protected":false},"featured_media":30783,"template":"","meta":[],"product_brand":[],"product_cat":[528],"product_tag":[530,532],"class_list":{"0":"post-30764","1":"product","2":"type-product","3":"status-publish","4":"has-post-thumbnail","6":"product_cat-deif-2","7":"product_tag-deif","8":"product_tag-sgc-150","9":"ts_product_brand-deif","11":"first","12":"instock","13":"shipping-taxable","14":"product-type-simple"},"_links":{"self":[{"href":"https:\/\/www.jeneratorparcalari.com\/en\/wp-json\/wp\/v2\/product\/30764","targetHints":{"allow":["GET"]}}],"collection":[{"href":"https:\/\/www.jeneratorparcalari.com\/en\/wp-json\/wp\/v2\/product"}],"about":[{"href":"https:\/\/www.jeneratorparcalari.com\/en\/wp-json\/wp\/v2\/types\/product"}],"version-history":[{"count":8,"href":"https:\/\/www.jeneratorparcalari.com\/en\/wp-json\/wp\/v2\/product\/30764\/revisions"}],"predecessor-version":[{"id":30786,"href":"https:\/\/www.jeneratorparcalari.com\/en\/wp-json\/wp\/v2\/product\/30764\/revisions\/30786"}],"wp:featuredmedia":[{"embeddable":true,"href":"https:\/\/www.jeneratorparcalari.com\/en\/wp-json\/wp\/v2\/media\/30783"}],"wp:attachment":[{"href":"https:\/\/www.jeneratorparcalari.com\/en\/wp-json\/wp\/v2\/media?parent=30764"}],"wp:term":[{"taxonomy":"product_brand","embeddable":true,"href":"https:\/\/www.jeneratorparcalari.com\/en\/wp-json\/wp\/v2\/product_brand?post=30764"},{"taxonomy":"product_cat","embeddable":true,"href":"https:\/\/www.jeneratorparcalari.com\/en\/wp-json\/wp\/v2\/product_cat?post=30764"},{"taxonomy":"product_tag","embeddable":true,"href":"https:\/\/www.jeneratorparcalari.com\/en\/wp-json\/wp\/v2\/product_tag?post=30764"}],"curies":[{"name":"wp","href":"https:\/\/api.w.org\/{rel}","templated":true}]}}