

{"id":30406,"date":"2025-07-30T14:54:27","date_gmt":"2025-07-30T11:54:27","guid":{"rendered":"https:\/\/www.jeneratorparcalari.com\/?post_type=product&#038;p=30406"},"modified":"2025-07-30T16:29:16","modified_gmt":"2025-07-30T13:29:16","slug":"3wl1006-1ab03-4hh7-siemens-630-amper-3-kutuplu-motorlu-salter","status":"publish","type":"product","link":"https:\/\/www.jeneratorparcalari.com\/en\/product\/3wl1006-1ab03-4hh7-siemens-630-amper-3-kutuplu-motorlu-salter\/","title":{"rendered":"3WL1006-1AB03-4HH7 S\u0130EMENS 630 AMPER 3 KUTUPLU MOTORLU \u015eALTER"},"content":{"rendered":"<p>3WL1006-1AB03-4HH7 S\u0130EMENS 630 AMPER 3 KUTUPLU MOTORLU \u015eALTER<\/p>","protected":false},"excerpt":{"rendered":"<p>3WL1006-1AB03-4HH7 S\u0130EMENS 630 AMPER 3 KUTUPLU MOTORLU \u015eALTER<\/p>","protected":false},"featured_media":30317,"template":"","meta":[],"product_brand":[],"product_cat":[495],"product_tag":[],"class_list":{"0":"post-30406","1":"product","2":"type-product","3":"status-publish","4":"has-post-thumbnail","6":"product_cat-siemens","8":"first","9":"instock","10":"shipping-taxable","11":"purchasable","12":"product-type-simple"},"_links":{"self":[{"href":"https:\/\/www.jeneratorparcalari.com\/en\/wp-json\/wp\/v2\/product\/30406","targetHints":{"allow":["GET"]}}],"collection":[{"href":"https:\/\/www.jeneratorparcalari.com\/en\/wp-json\/wp\/v2\/product"}],"about":[{"href":"https:\/\/www.jeneratorparcalari.com\/en\/wp-json\/wp\/v2\/types\/product"}],"version-history":[{"count":2,"href":"https:\/\/www.jeneratorparcalari.com\/en\/wp-json\/wp\/v2\/product\/30406\/revisions"}],"predecessor-version":[{"id":30422,"href":"https:\/\/www.jeneratorparcalari.com\/en\/wp-json\/wp\/v2\/product\/30406\/revisions\/30422"}],"wp:featuredmedia":[{"embeddable":true,"href":"https:\/\/www.jeneratorparcalari.com\/en\/wp-json\/wp\/v2\/media\/30317"}],"wp:attachment":[{"href":"https:\/\/www.jeneratorparcalari.com\/en\/wp-json\/wp\/v2\/media?parent=30406"}],"wp:term":[{"taxonomy":"product_brand","embeddable":true,"href":"https:\/\/www.jeneratorparcalari.com\/en\/wp-json\/wp\/v2\/product_brand?post=30406"},{"taxonomy":"product_cat","embeddable":true,"href":"https:\/\/www.jeneratorparcalari.com\/en\/wp-json\/wp\/v2\/product_cat?post=30406"},{"taxonomy":"product_tag","embeddable":true,"href":"https:\/\/www.jeneratorparcalari.com\/en\/wp-json\/wp\/v2\/product_tag?post=30406"}],"curies":[{"name":"wp","href":"https:\/\/api.w.org\/{rel}","templated":true}]}}