

{"id":30392,"date":"2025-07-30T14:49:41","date_gmt":"2025-07-30T11:49:41","guid":{"rendered":"https:\/\/www.jeneratorparcalari.com\/?post_type=product&#038;p=30392"},"modified":"2025-07-30T16:31:03","modified_gmt":"2025-07-30T13:31:03","slug":"3vj1332-3da32-0aa0-siemens-320-amper-3-kutuplu-25ka-sabit-tms","status":"publish","type":"product","link":"https:\/\/www.jeneratorparcalari.com\/en\/product\/3vj1332-3da32-0aa0-siemens-320-amper-3-kutuplu-25ka-sabit-tms\/","title":{"rendered":"3VJ1332-3DA32-0AA0 S\u0130EMENS 320 AMPER 3 KUTUPLU 25KA SAB\u0130T TM\u015e"},"content":{"rendered":"<p>3VJ1332-3DA32-0AA0 S\u0130EMENS 320 AMPER 3 KUTUPLU 25KA SAB\u0130T TM\u015e<\/p>","protected":false},"excerpt":{"rendered":"<p>3VJ1332-3DA32-0AA0 S\u0130EMENS 320 AMPER 3 KUTUPLU 25KA SAB\u0130T TM\u015e<\/p>","protected":false},"featured_media":30311,"template":"","meta":[],"product_brand":[],"product_cat":[495],"product_tag":[],"class_list":{"0":"post-30392","1":"product","2":"type-product","3":"status-publish","4":"has-post-thumbnail","6":"product_cat-siemens","8":"first","9":"instock","10":"shipping-taxable","11":"purchasable","12":"product-type-simple"},"_links":{"self":[{"href":"https:\/\/www.jeneratorparcalari.com\/en\/wp-json\/wp\/v2\/product\/30392","targetHints":{"allow":["GET"]}}],"collection":[{"href":"https:\/\/www.jeneratorparcalari.com\/en\/wp-json\/wp\/v2\/product"}],"about":[{"href":"https:\/\/www.jeneratorparcalari.com\/en\/wp-json\/wp\/v2\/types\/product"}],"version-history":[{"count":2,"href":"https:\/\/www.jeneratorparcalari.com\/en\/wp-json\/wp\/v2\/product\/30392\/revisions"}],"predecessor-version":[{"id":30399,"href":"https:\/\/www.jeneratorparcalari.com\/en\/wp-json\/wp\/v2\/product\/30392\/revisions\/30399"}],"wp:featuredmedia":[{"embeddable":true,"href":"https:\/\/www.jeneratorparcalari.com\/en\/wp-json\/wp\/v2\/media\/30311"}],"wp:attachment":[{"href":"https:\/\/www.jeneratorparcalari.com\/en\/wp-json\/wp\/v2\/media?parent=30392"}],"wp:term":[{"taxonomy":"product_brand","embeddable":true,"href":"https:\/\/www.jeneratorparcalari.com\/en\/wp-json\/wp\/v2\/product_brand?post=30392"},{"taxonomy":"product_cat","embeddable":true,"href":"https:\/\/www.jeneratorparcalari.com\/en\/wp-json\/wp\/v2\/product_cat?post=30392"},{"taxonomy":"product_tag","embeddable":true,"href":"https:\/\/www.jeneratorparcalari.com\/en\/wp-json\/wp\/v2\/product_tag?post=30392"}],"curies":[{"name":"wp","href":"https:\/\/api.w.org\/{rel}","templated":true}]}}