

{"id":30391,"date":"2025-07-30T14:49:04","date_gmt":"2025-07-30T11:49:04","guid":{"rendered":"https:\/\/www.jeneratorparcalari.com\/?post_type=product&#038;p=30391"},"modified":"2025-07-30T16:31:16","modified_gmt":"2025-07-30T13:31:16","slug":"3vj1332-1ea42-0aa0-siemens-320-amper-4-kutuplu-25ka-sabit-tms","status":"publish","type":"product","link":"https:\/\/www.jeneratorparcalari.com\/en\/product\/3vj1332-1ea42-0aa0-siemens-320-amper-4-kutuplu-25ka-sabit-tms\/","title":{"rendered":"3VJ1332-1EA42-0AA0 S\u0130EMENS 320 AMPER 4 KUTUPLU 25KA SAB\u0130T TM\u015e"},"content":{"rendered":"<p>3VJ1332-1EA42-0AA0 S\u0130EMENS 320 AMPER 4 KUTUPLU 25KA SAB\u0130T TM\u015e<\/p>","protected":false},"excerpt":{"rendered":"<p>3VJ1332-1EA42-0AA0 S\u0130EMENS 320 AMPER 4 KUTUPLU 25KA SAB\u0130T TM\u015e<\/p>","protected":false},"featured_media":30310,"template":"","meta":[],"product_brand":[],"product_cat":[495],"product_tag":[],"class_list":{"0":"post-30391","1":"product","2":"type-product","3":"status-publish","4":"has-post-thumbnail","6":"product_cat-siemens","8":"first","9":"instock","10":"shipping-taxable","11":"purchasable","12":"product-type-simple"},"_links":{"self":[{"href":"https:\/\/www.jeneratorparcalari.com\/en\/wp-json\/wp\/v2\/product\/30391","targetHints":{"allow":["GET"]}}],"collection":[{"href":"https:\/\/www.jeneratorparcalari.com\/en\/wp-json\/wp\/v2\/product"}],"about":[{"href":"https:\/\/www.jeneratorparcalari.com\/en\/wp-json\/wp\/v2\/types\/product"}],"version-history":[{"count":2,"href":"https:\/\/www.jeneratorparcalari.com\/en\/wp-json\/wp\/v2\/product\/30391\/revisions"}],"predecessor-version":[{"id":30397,"href":"https:\/\/www.jeneratorparcalari.com\/en\/wp-json\/wp\/v2\/product\/30391\/revisions\/30397"}],"wp:featuredmedia":[{"embeddable":true,"href":"https:\/\/www.jeneratorparcalari.com\/en\/wp-json\/wp\/v2\/media\/30310"}],"wp:attachment":[{"href":"https:\/\/www.jeneratorparcalari.com\/en\/wp-json\/wp\/v2\/media?parent=30391"}],"wp:term":[{"taxonomy":"product_brand","embeddable":true,"href":"https:\/\/www.jeneratorparcalari.com\/en\/wp-json\/wp\/v2\/product_brand?post=30391"},{"taxonomy":"product_cat","embeddable":true,"href":"https:\/\/www.jeneratorparcalari.com\/en\/wp-json\/wp\/v2\/product_cat?post=30391"},{"taxonomy":"product_tag","embeddable":true,"href":"https:\/\/www.jeneratorparcalari.com\/en\/wp-json\/wp\/v2\/product_tag?post=30391"}],"curies":[{"name":"wp","href":"https:\/\/api.w.org\/{rel}","templated":true}]}}