

{"id":30377,"date":"2025-07-30T14:46:13","date_gmt":"2025-07-30T11:46:13","guid":{"rendered":"https:\/\/www.jeneratorparcalari.com\/?post_type=product&#038;p=30377"},"modified":"2025-07-30T16:31:52","modified_gmt":"2025-07-30T13:31:52","slug":"3vj1012-1da32-0aa0-siemens-125-amper-3-kutuplu-18ka-sabit-tms","status":"publish","type":"product","link":"https:\/\/www.jeneratorparcalari.com\/en\/product\/3vj1012-1da32-0aa0-siemens-125-amper-3-kutuplu-18ka-sabit-tms\/","title":{"rendered":"3VJ1012-1DA32-0AA0 S\u0130EMENS 125 AMPER 3 KUTUPLU 18KA SAB\u0130T TM\u015e"},"content":{"rendered":"<p><span class=\"media-list-title\"><strong>3VJ1012-1DA32-0AA0 S\u0130EMENS 125 AMPER 3 KUTUPLU 18KA SAB\u0130T TM\u015e<\/strong><\/span><\/p>","protected":false},"excerpt":{"rendered":"<p><span class=\"media-list-title\"><strong>3VJ1012-1DA32-0AA0 S\u0130EMENS 125 AMPER 3 KUTUPLU 18KA SAB\u0130T TM\u015e<\/strong><\/span><\/p>","protected":false},"featured_media":30306,"template":"","meta":[],"product_brand":[],"product_cat":[495],"product_tag":[],"class_list":{"0":"post-30377","1":"product","2":"type-product","3":"status-publish","4":"has-post-thumbnail","6":"product_cat-siemens","8":"first","9":"instock","10":"shipping-taxable","11":"purchasable","12":"product-type-simple"},"_links":{"self":[{"href":"https:\/\/www.jeneratorparcalari.com\/en\/wp-json\/wp\/v2\/product\/30377","targetHints":{"allow":["GET"]}}],"collection":[{"href":"https:\/\/www.jeneratorparcalari.com\/en\/wp-json\/wp\/v2\/product"}],"about":[{"href":"https:\/\/www.jeneratorparcalari.com\/en\/wp-json\/wp\/v2\/types\/product"}],"version-history":[{"count":2,"href":"https:\/\/www.jeneratorparcalari.com\/en\/wp-json\/wp\/v2\/product\/30377\/revisions"}],"predecessor-version":[{"id":30387,"href":"https:\/\/www.jeneratorparcalari.com\/en\/wp-json\/wp\/v2\/product\/30377\/revisions\/30387"}],"wp:featuredmedia":[{"embeddable":true,"href":"https:\/\/www.jeneratorparcalari.com\/en\/wp-json\/wp\/v2\/media\/30306"}],"wp:attachment":[{"href":"https:\/\/www.jeneratorparcalari.com\/en\/wp-json\/wp\/v2\/media?parent=30377"}],"wp:term":[{"taxonomy":"product_brand","embeddable":true,"href":"https:\/\/www.jeneratorparcalari.com\/en\/wp-json\/wp\/v2\/product_brand?post=30377"},{"taxonomy":"product_cat","embeddable":true,"href":"https:\/\/www.jeneratorparcalari.com\/en\/wp-json\/wp\/v2\/product_cat?post=30377"},{"taxonomy":"product_tag","embeddable":true,"href":"https:\/\/www.jeneratorparcalari.com\/en\/wp-json\/wp\/v2\/product_tag?post=30377"}],"curies":[{"name":"wp","href":"https:\/\/api.w.org\/{rel}","templated":true}]}}