

{"id":30376,"date":"2025-07-30T14:45:30","date_gmt":"2025-07-30T11:45:30","guid":{"rendered":"https:\/\/www.jeneratorparcalari.com\/?post_type=product&#038;p=30376"},"modified":"2025-07-30T16:32:09","modified_gmt":"2025-07-30T13:32:09","slug":"3vj1010-1ea42-0aa0-siemens-100-amper-4-kutuplu-18ka-sabit-tm","status":"publish","type":"product","link":"https:\/\/www.jeneratorparcalari.com\/en\/product\/3vj1010-1ea42-0aa0-siemens-100-amper-4-kutuplu-18ka-sabit-tm\/","title":{"rendered":"3VJ1010-1EA42-0AA0 S\u0130EMENS 100 AMPER 4 KUTUPLU 18KA SAB\u0130T TM\u015e"},"content":{"rendered":"<p>3VJ1010-1EA42-0AA0 S\u0130EMENS 100 AMPER 4 KUTUPLU 18KA SAB\u0130T TM\u015e<\/p>","protected":false},"excerpt":{"rendered":"<p>3VJ1010-1EA42-0AA0 S\u0130EMENS 100 AMPER 4 KUTUPLU 18KA SAB\u0130T TM\u015e<\/p>","protected":false},"featured_media":30304,"template":"","meta":[],"product_brand":[],"product_cat":[495],"product_tag":[],"class_list":{"0":"post-30376","1":"product","2":"type-product","3":"status-publish","4":"has-post-thumbnail","6":"product_cat-siemens","8":"first","9":"instock","10":"shipping-taxable","11":"purchasable","12":"product-type-simple"},"_links":{"self":[{"href":"https:\/\/www.jeneratorparcalari.com\/en\/wp-json\/wp\/v2\/product\/30376","targetHints":{"allow":["GET"]}}],"collection":[{"href":"https:\/\/www.jeneratorparcalari.com\/en\/wp-json\/wp\/v2\/product"}],"about":[{"href":"https:\/\/www.jeneratorparcalari.com\/en\/wp-json\/wp\/v2\/types\/product"}],"version-history":[{"count":3,"href":"https:\/\/www.jeneratorparcalari.com\/en\/wp-json\/wp\/v2\/product\/30376\/revisions"}],"predecessor-version":[{"id":30471,"href":"https:\/\/www.jeneratorparcalari.com\/en\/wp-json\/wp\/v2\/product\/30376\/revisions\/30471"}],"wp:featuredmedia":[{"embeddable":true,"href":"https:\/\/www.jeneratorparcalari.com\/en\/wp-json\/wp\/v2\/media\/30304"}],"wp:attachment":[{"href":"https:\/\/www.jeneratorparcalari.com\/en\/wp-json\/wp\/v2\/media?parent=30376"}],"wp:term":[{"taxonomy":"product_brand","embeddable":true,"href":"https:\/\/www.jeneratorparcalari.com\/en\/wp-json\/wp\/v2\/product_brand?post=30376"},{"taxonomy":"product_cat","embeddable":true,"href":"https:\/\/www.jeneratorparcalari.com\/en\/wp-json\/wp\/v2\/product_cat?post=30376"},{"taxonomy":"product_tag","embeddable":true,"href":"https:\/\/www.jeneratorparcalari.com\/en\/wp-json\/wp\/v2\/product_tag?post=30376"}],"curies":[{"name":"wp","href":"https:\/\/api.w.org\/{rel}","templated":true}]}}