

{"id":30351,"date":"2025-07-30T14:30:46","date_gmt":"2025-07-30T11:30:46","guid":{"rendered":"https:\/\/www.jeneratorparcalari.com\/?post_type=product&#038;p=30351"},"modified":"2025-07-30T16:35:03","modified_gmt":"2025-07-30T13:35:03","slug":"3vj1006-1da32-0aa0-siemens-63-amper-3-kutuplu-18ka-sabit-tms","status":"publish","type":"product","link":"https:\/\/www.jeneratorparcalari.com\/en\/product\/3vj1006-1da32-0aa0-siemens-63-amper-3-kutuplu-18ka-sabit-tms\/","title":{"rendered":"3VJ1006-1DA32-0AA0 S\u0130EMENS 63 AMPER 3 KUTUPLU 18KA SAB\u0130T TM\u015e"},"content":{"rendered":"<p><span class=\"media-list-title\"><strong>3VJ1006-1DA32-0AA0 S\u0130EMENS 63 AMPER 3 KUTUPLU 18KA SAB\u0130T TM\u015e<\/strong><\/span><\/p>","protected":false},"excerpt":{"rendered":"<p><span class=\"media-list-title\"><strong>3VJ1006-1DA32-0AA0 S\u0130EMENS 63 AMPER 3 KUTUPLU 18KA SAB\u0130T TM\u015e<\/strong><\/span><\/p>","protected":false},"featured_media":30298,"template":"","meta":[],"product_brand":[],"product_cat":[495],"product_tag":[499],"class_list":{"0":"post-30351","1":"product","2":"type-product","3":"status-publish","4":"has-post-thumbnail","6":"product_cat-siemens","7":"product_tag-3vj1006-1da32-0aa0-siemens-63-amper-3-kutuplu-18ka-sabit-tms","9":"first","10":"instock","11":"shipping-taxable","12":"purchasable","13":"product-type-simple"},"_links":{"self":[{"href":"https:\/\/www.jeneratorparcalari.com\/en\/wp-json\/wp\/v2\/product\/30351","targetHints":{"allow":["GET"]}}],"collection":[{"href":"https:\/\/www.jeneratorparcalari.com\/en\/wp-json\/wp\/v2\/product"}],"about":[{"href":"https:\/\/www.jeneratorparcalari.com\/en\/wp-json\/wp\/v2\/types\/product"}],"version-history":[{"count":3,"href":"https:\/\/www.jeneratorparcalari.com\/en\/wp-json\/wp\/v2\/product\/30351\/revisions"}],"predecessor-version":[{"id":30366,"href":"https:\/\/www.jeneratorparcalari.com\/en\/wp-json\/wp\/v2\/product\/30351\/revisions\/30366"}],"wp:featuredmedia":[{"embeddable":true,"href":"https:\/\/www.jeneratorparcalari.com\/en\/wp-json\/wp\/v2\/media\/30298"}],"wp:attachment":[{"href":"https:\/\/www.jeneratorparcalari.com\/en\/wp-json\/wp\/v2\/media?parent=30351"}],"wp:term":[{"taxonomy":"product_brand","embeddable":true,"href":"https:\/\/www.jeneratorparcalari.com\/en\/wp-json\/wp\/v2\/product_brand?post=30351"},{"taxonomy":"product_cat","embeddable":true,"href":"https:\/\/www.jeneratorparcalari.com\/en\/wp-json\/wp\/v2\/product_cat?post=30351"},{"taxonomy":"product_tag","embeddable":true,"href":"https:\/\/www.jeneratorparcalari.com\/en\/wp-json\/wp\/v2\/product_tag?post=30351"}],"curies":[{"name":"wp","href":"https:\/\/api.w.org\/{rel}","templated":true}]}}