

{"id":30349,"date":"2025-07-30T14:29:39","date_gmt":"2025-07-30T11:29:39","guid":{"rendered":"https:\/\/www.jeneratorparcalari.com\/?post_type=product&#038;p=30349"},"modified":"2025-07-30T16:35:40","modified_gmt":"2025-07-30T13:35:40","slug":"3vj1005-1da32-0aa0-siemens-50-amper-3-kutuplu-18ka-sabit-tms","status":"publish","type":"product","link":"https:\/\/www.jeneratorparcalari.com\/en\/product\/3vj1005-1da32-0aa0-siemens-50-amper-3-kutuplu-18ka-sabit-tms\/","title":{"rendered":"3VJ1005-1DA32-0AA0 S\u0130EMENS 50 AMPER 3 KUTUPLU 18KA SAB\u0130T TM\u015e\u2026"},"content":{"rendered":"<p><span class=\"media-list-title\"><strong>3VJ1005-1DA32-0AA0 S\u0130EMENS 50 AMPER 3 KUTUPLU 18KA SAB\u0130T TM\u015e\u2026<\/strong><\/span><\/p>","protected":false},"excerpt":{"rendered":"<p><span class=\"media-list-title\"><strong>3VJ1005-1DA32-0AA0 S\u0130EMENS 50 AMPER 3 KUTUPLU 18KA SAB\u0130T TM\u015e\u2026<\/strong><\/span><\/p>","protected":false},"featured_media":30297,"template":"","meta":[],"product_brand":[],"product_cat":[495],"product_tag":[],"class_list":{"0":"post-30349","1":"product","2":"type-product","3":"status-publish","4":"has-post-thumbnail","6":"product_cat-siemens","8":"first","9":"instock","10":"shipping-taxable","11":"purchasable","12":"product-type-simple"},"_links":{"self":[{"href":"https:\/\/www.jeneratorparcalari.com\/en\/wp-json\/wp\/v2\/product\/30349","targetHints":{"allow":["GET"]}}],"collection":[{"href":"https:\/\/www.jeneratorparcalari.com\/en\/wp-json\/wp\/v2\/product"}],"about":[{"href":"https:\/\/www.jeneratorparcalari.com\/en\/wp-json\/wp\/v2\/types\/product"}],"version-history":[{"count":2,"href":"https:\/\/www.jeneratorparcalari.com\/en\/wp-json\/wp\/v2\/product\/30349\/revisions"}],"predecessor-version":[{"id":30361,"href":"https:\/\/www.jeneratorparcalari.com\/en\/wp-json\/wp\/v2\/product\/30349\/revisions\/30361"}],"wp:featuredmedia":[{"embeddable":true,"href":"https:\/\/www.jeneratorparcalari.com\/en\/wp-json\/wp\/v2\/media\/30297"}],"wp:attachment":[{"href":"https:\/\/www.jeneratorparcalari.com\/en\/wp-json\/wp\/v2\/media?parent=30349"}],"wp:term":[{"taxonomy":"product_brand","embeddable":true,"href":"https:\/\/www.jeneratorparcalari.com\/en\/wp-json\/wp\/v2\/product_brand?post=30349"},{"taxonomy":"product_cat","embeddable":true,"href":"https:\/\/www.jeneratorparcalari.com\/en\/wp-json\/wp\/v2\/product_cat?post=30349"},{"taxonomy":"product_tag","embeddable":true,"href":"https:\/\/www.jeneratorparcalari.com\/en\/wp-json\/wp\/v2\/product_tag?post=30349"}],"curies":[{"name":"wp","href":"https:\/\/api.w.org\/{rel}","templated":true}]}}