

{"id":30348,"date":"2025-07-30T14:28:52","date_gmt":"2025-07-30T11:28:52","guid":{"rendered":"https:\/\/www.jeneratorparcalari.com\/?post_type=product&#038;p=30348"},"modified":"2025-07-30T16:35:59","modified_gmt":"2025-07-30T13:35:59","slug":"3vj1004-1ea42-0aa0-siemens-40-amper-4-kutuplu-18ka-sabit-tms","status":"publish","type":"product","link":"https:\/\/www.jeneratorparcalari.com\/en\/product\/3vj1004-1ea42-0aa0-siemens-40-amper-4-kutuplu-18ka-sabit-tms\/","title":{"rendered":"3VJ1004-1EA42-0AA0 S\u0130EMENS 40 AMPER 4 KUTUPLU 18KA SAB\u0130T TM\u015e"},"content":{"rendered":"<p><span class=\"media-list-title\"><strong>3VJ1004-1EA42-0AA0 S\u0130EMENS 40 AMPER 4 KUTUPLU 18KA SAB\u0130T TM\u015e<\/strong><\/span><\/p>","protected":false},"excerpt":{"rendered":"<p><span class=\"media-list-title\"><strong>3VJ1004-1EA42-0AA0 S\u0130EMENS 40 AMPER 4 KUTUPLU 18KA SAB\u0130T TM\u015e<\/strong><\/span><\/p>","protected":false},"featured_media":30295,"template":"","meta":[],"product_brand":[],"product_cat":[495],"product_tag":[],"class_list":{"0":"post-30348","1":"product","2":"type-product","3":"status-publish","4":"has-post-thumbnail","6":"product_cat-siemens","8":"first","9":"instock","10":"shipping-taxable","11":"purchasable","12":"product-type-simple"},"_links":{"self":[{"href":"https:\/\/www.jeneratorparcalari.com\/en\/wp-json\/wp\/v2\/product\/30348","targetHints":{"allow":["GET"]}}],"collection":[{"href":"https:\/\/www.jeneratorparcalari.com\/en\/wp-json\/wp\/v2\/product"}],"about":[{"href":"https:\/\/www.jeneratorparcalari.com\/en\/wp-json\/wp\/v2\/types\/product"}],"version-history":[{"count":1,"href":"https:\/\/www.jeneratorparcalari.com\/en\/wp-json\/wp\/v2\/product\/30348\/revisions"}],"predecessor-version":[{"id":30359,"href":"https:\/\/www.jeneratorparcalari.com\/en\/wp-json\/wp\/v2\/product\/30348\/revisions\/30359"}],"wp:featuredmedia":[{"embeddable":true,"href":"https:\/\/www.jeneratorparcalari.com\/en\/wp-json\/wp\/v2\/media\/30295"}],"wp:attachment":[{"href":"https:\/\/www.jeneratorparcalari.com\/en\/wp-json\/wp\/v2\/media?parent=30348"}],"wp:term":[{"taxonomy":"product_brand","embeddable":true,"href":"https:\/\/www.jeneratorparcalari.com\/en\/wp-json\/wp\/v2\/product_brand?post=30348"},{"taxonomy":"product_cat","embeddable":true,"href":"https:\/\/www.jeneratorparcalari.com\/en\/wp-json\/wp\/v2\/product_cat?post=30348"},{"taxonomy":"product_tag","embeddable":true,"href":"https:\/\/www.jeneratorparcalari.com\/en\/wp-json\/wp\/v2\/product_tag?post=30348"}],"curies":[{"name":"wp","href":"https:\/\/api.w.org\/{rel}","templated":true}]}}