

{"id":30346,"date":"2025-07-30T13:54:02","date_gmt":"2025-07-30T10:54:02","guid":{"rendered":"https:\/\/www.jeneratorparcalari.com\/?post_type=product&#038;p=30346"},"modified":"2025-07-30T16:36:54","modified_gmt":"2025-07-30T13:36:54","slug":"3mt7095-4aa11-0am0-siemens-95-amper-3-kutuplu-kontaktor","status":"publish","type":"product","link":"https:\/\/www.jeneratorparcalari.com\/en\/product\/3mt7095-4aa11-0am0-siemens-95-amper-3-kutuplu-kontaktor\/","title":{"rendered":"3MT7095-4AA11-0AM0 S\u0130EMENS 95 AMPER 3 KUTUPLU KONTAKT\u00d6R"},"content":{"rendered":"<p>3MT7095-4AA11-0AM0 S\u0130EMENS 95 AMPER 3 KUTUPLU KONTAKT\u00d6R<\/p>","protected":false},"excerpt":{"rendered":"<p>3MT7095-4AA11-0AM0 S\u0130EMENS 95 AMPER 3 KUTUPLU KONTAKT\u00d6R<\/p>","protected":false},"featured_media":30293,"template":"","meta":[],"product_brand":[],"product_cat":[495],"product_tag":[502],"class_list":{"0":"post-30346","1":"product","2":"type-product","3":"status-publish","4":"has-post-thumbnail","6":"product_cat-siemens","7":"product_tag-3mt7095-4aa11-0am0-siemens-95-amper-3-kutuplu-kontaktor","9":"first","10":"instock","11":"shipping-taxable","12":"purchasable","13":"product-type-simple"},"_links":{"self":[{"href":"https:\/\/www.jeneratorparcalari.com\/en\/wp-json\/wp\/v2\/product\/30346","targetHints":{"allow":["GET"]}}],"collection":[{"href":"https:\/\/www.jeneratorparcalari.com\/en\/wp-json\/wp\/v2\/product"}],"about":[{"href":"https:\/\/www.jeneratorparcalari.com\/en\/wp-json\/wp\/v2\/types\/product"}],"version-history":[{"count":4,"href":"https:\/\/www.jeneratorparcalari.com\/en\/wp-json\/wp\/v2\/product\/30346\/revisions"}],"predecessor-version":[{"id":30488,"href":"https:\/\/www.jeneratorparcalari.com\/en\/wp-json\/wp\/v2\/product\/30346\/revisions\/30488"}],"wp:featuredmedia":[{"embeddable":true,"href":"https:\/\/www.jeneratorparcalari.com\/en\/wp-json\/wp\/v2\/media\/30293"}],"wp:attachment":[{"href":"https:\/\/www.jeneratorparcalari.com\/en\/wp-json\/wp\/v2\/media?parent=30346"}],"wp:term":[{"taxonomy":"product_brand","embeddable":true,"href":"https:\/\/www.jeneratorparcalari.com\/en\/wp-json\/wp\/v2\/product_brand?post=30346"},{"taxonomy":"product_cat","embeddable":true,"href":"https:\/\/www.jeneratorparcalari.com\/en\/wp-json\/wp\/v2\/product_cat?post=30346"},{"taxonomy":"product_tag","embeddable":true,"href":"https:\/\/www.jeneratorparcalari.com\/en\/wp-json\/wp\/v2\/product_tag?post=30346"}],"curies":[{"name":"wp","href":"https:\/\/api.w.org\/{rel}","templated":true}]}}