

{"id":30343,"date":"2025-07-30T13:52:47","date_gmt":"2025-07-30T10:52:47","guid":{"rendered":"https:\/\/www.jeneratorparcalari.com\/?post_type=product&#038;p=30343"},"modified":"2025-07-30T16:37:09","modified_gmt":"2025-07-30T13:37:09","slug":"3mt7080-4aa11-0am0-siemens-80-amper-3-kutuplu-kontaktor","status":"publish","type":"product","link":"https:\/\/www.jeneratorparcalari.com\/en\/product\/3mt7080-4aa11-0am0-siemens-80-amper-3-kutuplu-kontaktor\/","title":{"rendered":"3MT7080-4AA11-0AM0 S\u0130EMENS 80 AMPER 3 KUTUPLU KONTAKT\u00d6R"},"content":{"rendered":"<p>3MT7080-4AA11-0AM0 S\u0130EMENS 80 AMPER 3 KUTUPLU KONTAKT\u00d6R<\/p>","protected":false},"excerpt":{"rendered":"<p>3MT7080-4AA11-0AM0 S\u0130EMENS 80 AMPER 3 KUTUPLU KONTAKT\u00d6R<\/p>","protected":false},"featured_media":30292,"template":"","meta":[],"product_brand":[],"product_cat":[15,495],"product_tag":[498],"class_list":{"0":"post-30343","1":"product","2":"type-product","3":"status-publish","4":"has-post-thumbnail","6":"product_cat-tum-urunler","7":"product_cat-siemens","8":"product_tag-3mt7080-4aa11-0am0-siemens-80-amper-3-kutuplu-kontaktor","10":"first","11":"instock","12":"shipping-taxable","13":"purchasable","14":"product-type-simple"},"_links":{"self":[{"href":"https:\/\/www.jeneratorparcalari.com\/en\/wp-json\/wp\/v2\/product\/30343","targetHints":{"allow":["GET"]}}],"collection":[{"href":"https:\/\/www.jeneratorparcalari.com\/en\/wp-json\/wp\/v2\/product"}],"about":[{"href":"https:\/\/www.jeneratorparcalari.com\/en\/wp-json\/wp\/v2\/types\/product"}],"version-history":[{"count":2,"href":"https:\/\/www.jeneratorparcalari.com\/en\/wp-json\/wp\/v2\/product\/30343\/revisions"}],"predecessor-version":[{"id":30345,"href":"https:\/\/www.jeneratorparcalari.com\/en\/wp-json\/wp\/v2\/product\/30343\/revisions\/30345"}],"wp:featuredmedia":[{"embeddable":true,"href":"https:\/\/www.jeneratorparcalari.com\/en\/wp-json\/wp\/v2\/media\/30292"}],"wp:attachment":[{"href":"https:\/\/www.jeneratorparcalari.com\/en\/wp-json\/wp\/v2\/media?parent=30343"}],"wp:term":[{"taxonomy":"product_brand","embeddable":true,"href":"https:\/\/www.jeneratorparcalari.com\/en\/wp-json\/wp\/v2\/product_brand?post=30343"},{"taxonomy":"product_cat","embeddable":true,"href":"https:\/\/www.jeneratorparcalari.com\/en\/wp-json\/wp\/v2\/product_cat?post=30343"},{"taxonomy":"product_tag","embeddable":true,"href":"https:\/\/www.jeneratorparcalari.com\/en\/wp-json\/wp\/v2\/product_tag?post=30343"}],"curies":[{"name":"wp","href":"https:\/\/api.w.org\/{rel}","templated":true}]}}