

{"id":30335,"date":"2025-07-30T13:42:22","date_gmt":"2025-07-30T10:42:22","guid":{"rendered":"https:\/\/www.jeneratorparcalari.com\/?post_type=product&#038;p=30335"},"modified":"2025-07-30T16:37:30","modified_gmt":"2025-07-30T13:37:30","slug":"3mt70382aa100am0-siemens-38-amper-3-kutuplu-kontaktor","status":"publish","type":"product","link":"https:\/\/www.jeneratorparcalari.com\/en\/product\/3mt70382aa100am0-siemens-38-amper-3-kutuplu-kontaktor\/","title":{"rendered":"3MT7038-2AA10-0AM0 S\u0130EMENS 38 AMPER 3 KUTUPLU KONTAKT\u00d6R"},"content":{"rendered":"<p><strong>3MT70382AA100AM0 S\u0130EMENS 38 AMPER 3 KUTUPLU KONTAKT\u00d6R<\/strong><\/p>","protected":false},"excerpt":{"rendered":"<p><strong>3MT70382AA100AM0 S\u0130EMENS 38 AMPER 3 KUTUPLU KONTAKT\u00d6R<\/strong><\/p>","protected":false},"featured_media":30290,"template":"","meta":[],"product_brand":[],"product_cat":[495],"product_tag":[496],"class_list":{"0":"post-30335","1":"product","2":"type-product","3":"status-publish","4":"has-post-thumbnail","6":"product_cat-siemens","7":"product_tag-3mt70382aa100am0-siemens-38-amper-3-kutuplu-kontaktor","9":"first","10":"instock","11":"shipping-taxable","12":"purchasable","13":"product-type-simple"},"_links":{"self":[{"href":"https:\/\/www.jeneratorparcalari.com\/en\/wp-json\/wp\/v2\/product\/30335","targetHints":{"allow":["GET"]}}],"collection":[{"href":"https:\/\/www.jeneratorparcalari.com\/en\/wp-json\/wp\/v2\/product"}],"about":[{"href":"https:\/\/www.jeneratorparcalari.com\/en\/wp-json\/wp\/v2\/types\/product"}],"version-history":[{"count":4,"href":"https:\/\/www.jeneratorparcalari.com\/en\/wp-json\/wp\/v2\/product\/30335\/revisions"}],"predecessor-version":[{"id":30342,"href":"https:\/\/www.jeneratorparcalari.com\/en\/wp-json\/wp\/v2\/product\/30335\/revisions\/30342"}],"wp:featuredmedia":[{"embeddable":true,"href":"https:\/\/www.jeneratorparcalari.com\/en\/wp-json\/wp\/v2\/media\/30290"}],"wp:attachment":[{"href":"https:\/\/www.jeneratorparcalari.com\/en\/wp-json\/wp\/v2\/media?parent=30335"}],"wp:term":[{"taxonomy":"product_brand","embeddable":true,"href":"https:\/\/www.jeneratorparcalari.com\/en\/wp-json\/wp\/v2\/product_brand?post=30335"},{"taxonomy":"product_cat","embeddable":true,"href":"https:\/\/www.jeneratorparcalari.com\/en\/wp-json\/wp\/v2\/product_cat?post=30335"},{"taxonomy":"product_tag","embeddable":true,"href":"https:\/\/www.jeneratorparcalari.com\/en\/wp-json\/wp\/v2\/product_tag?post=30335"}],"curies":[{"name":"wp","href":"https:\/\/api.w.org\/{rel}","templated":true}]}}