

{"id":28941,"date":"2024-11-11T10:58:30","date_gmt":"2024-11-11T07:58:30","guid":{"rendered":"https:\/\/www.jeneratorparcalari.com\/?post_type=product&#038;p=28941"},"modified":"2024-11-14T12:11:38","modified_gmt":"2024-11-14T09:11:38","slug":"40-amper-kontaktor-cjx1-25-3p-220v-gucbir-kontaktor-3-kutuplu","status":"publish","type":"product","link":"https:\/\/www.jeneratorparcalari.com\/en\/product\/40-amper-kontaktor-cjx1-25-3p-220v-gucbir-kontaktor-3-kutuplu\/","title":{"rendered":"40 AMPER 3 KUTUPLU KONTAKT\u00d6R CJX1-40 4P 220V G\u00dc\u00c7B\u0130R KONTAKT\u00d6R"},"content":{"rendered":"<p>40 AMPER 3 KUTUPLU KONTAKT\u00d6R CJX1-40 4P 220V G\u00dc\u00c7B\u0130R KONTAKT\u00d6R<\/p>","protected":false},"excerpt":{"rendered":"<p>40 AMPER KONTAKT\u00d6R CJX1-25 3P 220V G\u00dc\u00c7B\u0130R KONTAKT\u00d6R 3 KUTUPLU<\/p>","protected":false},"featured_media":28956,"template":"","meta":[],"product_brand":[],"product_cat":[15,364],"product_tag":[],"class_list":{"0":"post-28941","1":"product","2":"type-product","3":"status-publish","4":"has-post-thumbnail","6":"product_cat-tum-urunler","7":"product_cat-gucbir-kontaktor","9":"first","10":"instock","11":"shipping-taxable","12":"purchasable","13":"product-type-simple"},"_links":{"self":[{"href":"https:\/\/www.jeneratorparcalari.com\/en\/wp-json\/wp\/v2\/product\/28941","targetHints":{"allow":["GET"]}}],"collection":[{"href":"https:\/\/www.jeneratorparcalari.com\/en\/wp-json\/wp\/v2\/product"}],"about":[{"href":"https:\/\/www.jeneratorparcalari.com\/en\/wp-json\/wp\/v2\/types\/product"}],"version-history":[{"count":4,"href":"https:\/\/www.jeneratorparcalari.com\/en\/wp-json\/wp\/v2\/product\/28941\/revisions"}],"predecessor-version":[{"id":29196,"href":"https:\/\/www.jeneratorparcalari.com\/en\/wp-json\/wp\/v2\/product\/28941\/revisions\/29196"}],"wp:featuredmedia":[{"embeddable":true,"href":"https:\/\/www.jeneratorparcalari.com\/en\/wp-json\/wp\/v2\/media\/28956"}],"wp:attachment":[{"href":"https:\/\/www.jeneratorparcalari.com\/en\/wp-json\/wp\/v2\/media?parent=28941"}],"wp:term":[{"taxonomy":"product_brand","embeddable":true,"href":"https:\/\/www.jeneratorparcalari.com\/en\/wp-json\/wp\/v2\/product_brand?post=28941"},{"taxonomy":"product_cat","embeddable":true,"href":"https:\/\/www.jeneratorparcalari.com\/en\/wp-json\/wp\/v2\/product_cat?post=28941"},{"taxonomy":"product_tag","embeddable":true,"href":"https:\/\/www.jeneratorparcalari.com\/en\/wp-json\/wp\/v2\/product_tag?post=28941"}],"curies":[{"name":"wp","href":"https:\/\/api.w.org\/{rel}","templated":true}]}}