

{"id":23245,"date":"2024-05-30T22:42:23","date_gmt":"2024-05-30T19:42:23","guid":{"rendered":"https:\/\/www.jeneratorparcalari.com\/?post_type=product&#038;p=23245"},"modified":"2024-11-06T02:37:27","modified_gmt":"2024-11-05T23:37:27","slug":"doosan-p-4-400508-00115-yakit-filtresi","status":"publish","type":"product","link":"https:\/\/www.jeneratorparcalari.com\/en\/product\/doosan-p-4-400508-00115-yakit-filtresi\/","title":{"rendered":"DOOSAN-P-4-400508-00115 YAKIT F\u0130LTRES\u0130"},"content":{"rendered":"<p>DOOSAN-P-4-400508-00115 YAKIT F\u0130LTRES\u0130<\/p>","protected":false},"excerpt":{"rendered":"<p>DOOSAN-P-4-400508-00115 YAKIT F\u0130LTRES\u0130<\/p>","protected":false},"featured_media":23590,"template":"","meta":[],"product_brand":[],"product_cat":[15,353,357],"product_tag":[],"class_list":{"0":"post-23245","1":"product","2":"type-product","3":"status-publish","4":"has-post-thumbnail","6":"product_cat-tum-urunler","7":"product_cat-filtreler","8":"product_cat-yakit-filtreleri","9":"ts_product_brand-gucbir-jenerator","11":"first","12":"instock","13":"shipping-taxable","14":"purchasable","15":"product-type-simple"},"_links":{"self":[{"href":"https:\/\/www.jeneratorparcalari.com\/en\/wp-json\/wp\/v2\/product\/23245","targetHints":{"allow":["GET"]}}],"collection":[{"href":"https:\/\/www.jeneratorparcalari.com\/en\/wp-json\/wp\/v2\/product"}],"about":[{"href":"https:\/\/www.jeneratorparcalari.com\/en\/wp-json\/wp\/v2\/types\/product"}],"version-history":[{"count":1,"href":"https:\/\/www.jeneratorparcalari.com\/en\/wp-json\/wp\/v2\/product\/23245\/revisions"}],"predecessor-version":[{"id":26876,"href":"https:\/\/www.jeneratorparcalari.com\/en\/wp-json\/wp\/v2\/product\/23245\/revisions\/26876"}],"wp:featuredmedia":[{"embeddable":true,"href":"https:\/\/www.jeneratorparcalari.com\/en\/wp-json\/wp\/v2\/media\/23590"}],"wp:attachment":[{"href":"https:\/\/www.jeneratorparcalari.com\/en\/wp-json\/wp\/v2\/media?parent=23245"}],"wp:term":[{"taxonomy":"product_brand","embeddable":true,"href":"https:\/\/www.jeneratorparcalari.com\/en\/wp-json\/wp\/v2\/product_brand?post=23245"},{"taxonomy":"product_cat","embeddable":true,"href":"https:\/\/www.jeneratorparcalari.com\/en\/wp-json\/wp\/v2\/product_cat?post=23245"},{"taxonomy":"product_tag","embeddable":true,"href":"https:\/\/www.jeneratorparcalari.com\/en\/wp-json\/wp\/v2\/product_tag?post=23245"}],"curies":[{"name":"wp","href":"https:\/\/api.w.org\/{rel}","templated":true}]}}