

{"id":23212,"date":"2024-05-30T21:07:16","date_gmt":"2024-05-30T18:07:16","guid":{"rendered":"https:\/\/www.jeneratorparcalari.com\/?post_type=product&#038;p=23212"},"modified":"2026-04-15T14:15:19","modified_gmt":"2026-04-15T11:15:19","slug":"ats-2000","status":"publish","type":"product","link":"https:\/\/www.jeneratorparcalari.com\/en\/product\/ats-2000\/","title":{"rendered":"OTOMAT\u0130K TRANSFER \u015eALTER\u0130 2000A ATS 2000 AMPER"},"content":{"rendered":"<div class=\"Y3BBE\" data-sfc-cp=\"\" data-sfc-root=\"c\" data-sfc-cb=\"\" data-hveid=\"CAEIARAA\" data-complete=\"true\" data-processed=\"true\"><strong class=\"Yjhzub\" data-sfc-root=\"c\" data-sfc-cb=\"\" data-complete=\"true\" data-processed=\"true\">Changeover \u015falter<\/strong> (Envers\u00f6r \u015falter), en basit tabiriyle iki farkl\u0131 g\u00fc\u00e7 kayna\u011f\u0131 aras\u0131nda ge\u00e7i\u015f yapman\u0131z\u0131 sa\u011flayan\u00a0bir anahtard\u0131r.<\/div>\n<div data-sfc-cp=\"\" data-sfc-root=\"c\" data-sfc-cb=\"\" data-hveid=\"CAEIARAA\" data-complete=\"true\" data-processed=\"true\"><\/div>\n<div class=\"Y3BBE\" data-sfc-cp=\"\" data-sfc-root=\"c\" data-sfc-cb=\"\" data-hveid=\"CAEIAhAA\" data-processed=\"true\" data-complete=\"true\">Genellikle\u00a0<strong class=\"Yjhzub\" data-sfc-root=\"c\" data-sfc-cb=\"\" data-complete=\"true\" data-processed=\"true\">\u015febeke elektri\u011fi<\/strong>\u00a0ile\u00a0<strong class=\"Yjhzub\" data-sfc-root=\"c\" data-sfc-cb=\"\" data-complete=\"true\" data-processed=\"true\">yedek g\u00fc\u00e7 kayna\u011f\u0131<\/strong> (jenerat\u00f6r, g\u00fcne\u015f enerjisi sistemi vb.) aras\u0131nda ba\u011flant\u0131 kurmak i\u00e7in kullan\u0131l\u0131r. Elektrik kesildi\u011finde veya bir kaynaktan di\u011ferine ge\u00e7ilmesi gerekti\u011finde devreye girer.<\/div>\n<div data-sfc-cp=\"\" data-sfc-root=\"c\" data-sfc-cb=\"\" data-hveid=\"CAEIAhAA\" data-processed=\"true\" data-complete=\"true\"><\/div>\n<div class=\"Y3BBE\" data-sfc-cp=\"\" data-sfc-root=\"c\" data-sfc-cb=\"\" data-hveid=\"CAEIAxAA\" data-complete=\"true\" data-processed=\"true\">Temel olarak iki tipi vard\u0131r:<\/div>\n<ol class=\"IaGLZe VimKh\" data-sfc-root=\"c\" data-sfc-cb=\"\" data-processed=\"true\" data-complete=\"true\">\n<li class=\"dF3vjf\" data-sfc-root=\"c\" data-sfc-cb=\"\" data-hveid=\"CAEIBBAA\" data-complete=\"true\" data-sae=\"\"><span class=\"T286Pc\" data-sfc-cp=\"\" data-sfc-root=\"c\" data-sfc-cb=\"\" data-complete=\"true\"><strong class=\"Yjhzub\" data-sfc-root=\"c\" data-sfc-cb=\"\" data-complete=\"true\">Manuel Changeover \u015ealter:<\/strong>\u00a0Bir kol yard\u0131m\u0131yla el ile de\u011fi\u015ftirilir. Elektrik kesildi\u011finde birinin gidip \u015falteri &#8220;\u015eebeke&#8221; konumundan &#8220;Jenerat\u00f6r&#8221; konumuna getirmesi gerekir.<\/span><\/li>\n<li class=\"dF3vjf\" data-sfc-root=\"c\" data-sfc-cb=\"\" data-hveid=\"CAEIBBAB\" data-sae=\"\" data-complete=\"true\"><span class=\"T286Pc\" data-sfc-cp=\"\" data-sfc-root=\"c\" data-sfc-cb=\"\" data-complete=\"true\" aria-owns=\"action-menu-parent-container\"><strong class=\"Yjhzub\" data-sfc-root=\"c\" data-sfc-cb=\"\" data-complete=\"true\">Otomatik Changeover \u015ealter (ATS):<\/strong>\u00a0Sizin bir \u00f6nceki mesaj\u0131n\u0131zda bahsetti\u011finiz\u00a0<strong class=\"Yjhzub\" data-sfc-root=\"c\" data-sfc-cb=\"\" data-complete=\"true\">ATS (Automatic Transfer Switch)<\/strong>\u00a0budur. \u015eebeke gitti\u011finde durumu kendisi alg\u0131lar, jenerat\u00f6r\u00fc \u00e7al\u0131\u015ft\u0131r\u0131r ve y\u00fck\u00fc otomatik olarak \u00fczerine al\u0131r. \u0130nsan m\u00fcdahalesi gerektirmez.<\/span><\/li>\n<\/ol>\n<div class=\"otQkpb\" role=\"heading\" aria-level=\"3\" data-animation-nesting=\"\" data-sfc-cp=\"\" data-sfc-root=\"c\" data-sfc-cb=\"\" data-processed=\"true\" data-sae=\"\" data-complete=\"true\"><strong class=\"Yjhzub\" data-sfc-root=\"c\" data-sfc-cb=\"\" data-complete=\"true\">2000A Otomatik Transfer \u015ealteri (ATS)<\/strong><\/div>\n<div role=\"heading\" aria-level=\"3\" data-animation-nesting=\"\" data-sfc-cp=\"\" data-sfc-root=\"c\" data-sfc-cb=\"\" data-processed=\"true\" data-sae=\"\" data-complete=\"true\"><\/div>\n<div class=\"Y3BBE\" data-sfc-cp=\"\" data-sfc-root=\"c\" data-sfc-cb=\"\" data-hveid=\"CAEIBBAA\" data-complete=\"true\" data-processed=\"true\"><strong class=\"Yjhzub\" data-sfc-root=\"c\" data-sfc-cb=\"\" data-complete=\"true\" data-processed=\"true\">Kesintisiz G\u00fc\u00e7, Ak\u0131ll\u0131 Ge\u00e7i\u015f, Tam G\u00fcvenlik<\/strong><\/div>\n<div data-sfc-cp=\"\" data-sfc-root=\"c\" data-sfc-cb=\"\" data-hveid=\"CAEIBBAA\" data-complete=\"true\" data-processed=\"true\"><\/div>\n<div class=\"Y3BBE\" data-sfc-cp=\"\" data-sfc-root=\"c\" data-sfc-cb=\"\" data-hveid=\"CAEIBRAA\" data-processed=\"true\" data-complete=\"true\">SHARK 2000A ATS, kritik enerji altyap\u0131lar\u0131n\u0131zda ana \u015febeke ve yedek g\u00fc\u00e7 kayna\u011f\u0131 (jenerat\u00f6r) aras\u0131ndaki enerji transferini y\u00f6neten y\u00fcksek performansl\u0131 bir kontrol merkezidir. End\u00fcstriyel tesislerden ticari binalara kadar geni\u015f bir yelpazede, enerjinin s\u00fcreklili\u011fini &#8220;s\u0131f\u0131r hata&#8221; prensibiyle garanti alt\u0131na al\u0131r.<\/div>\n<div class=\"Fsg96\" data-sfc-cp=\"\" data-sfc-root=\"c\" data-sfc-cb=\"\" data-complete=\"true\" data-processed=\"true\"><\/div>\n<div class=\"AdPoic\" role=\"heading\" aria-level=\"3\" data-animation-nesting=\"\" data-sfc-cp=\"\" data-sfc-root=\"c\" data-sfc-cb=\"\" data-complete=\"true\" data-processed=\"true\" data-sae=\"\"><strong class=\"Yjhzub\" data-sfc-root=\"c\" data-sfc-cb=\"\" data-complete=\"true\">\u00d6ne \u00c7\u0131kan \u00d6zellikler:<\/strong><\/div>\n<ul class=\"KsbFXc U6u95\" data-sfc-root=\"c\" data-sfc-cb=\"\" data-processed=\"true\" data-complete=\"true\">\n<li class=\"dF3vjf\" data-sfc-root=\"c\" data-sfc-cb=\"\" data-hveid=\"CAEIBxAA\" data-complete=\"true\" data-sae=\"\"><span class=\"T286Pc\" data-sfc-cp=\"\" data-sfc-root=\"c\" data-sfc-cb=\"\" data-complete=\"true\"><strong class=\"Yjhzub\" data-sfc-root=\"c\" data-sfc-cb=\"\" data-complete=\"true\">H\u0131zl\u0131 ve G\u00fcvenilir Transfer:<\/strong>\u00a0\u015eebeke kesintilerini milisaniyeler i\u00e7inde alg\u0131lar; enerji kayb\u0131 ve operasyonel duru\u015flar\u0131n \u00f6n\u00fcne ge\u00e7er.<\/span><\/li>\n<li class=\"dF3vjf\" data-sfc-root=\"c\" data-sfc-cb=\"\" data-hveid=\"CAEIBxAB\" data-complete=\"true\" data-sae=\"\"><span class=\"T286Pc\" data-sfc-cp=\"\" data-sfc-root=\"c\" data-sfc-cb=\"\" data-complete=\"true\"><strong class=\"Yjhzub\" data-sfc-root=\"c\" data-sfc-cb=\"\" data-complete=\"true\">Geli\u015fmi\u015f Mikroi\u015flemci Kontrol\u00fc:<\/strong>\u00a0Voltaj dalgalanmalar\u0131n\u0131 ve faz hatalar\u0131n\u0131 anl\u0131k izleyerek sadece sa\u011fl\u0131kl\u0131 enerji kayna\u011f\u0131na ge\u00e7i\u015f yapar.<\/span><\/li>\n<li class=\"dF3vjf\" data-sfc-root=\"c\" data-sfc-cb=\"\" data-hveid=\"CAEIBxAC\" data-complete=\"true\" data-sae=\"\"><span class=\"T286Pc\" data-sfc-cp=\"\" data-sfc-root=\"c\" data-sfc-cb=\"\" data-complete=\"true\"><strong class=\"Yjhzub\" data-sfc-root=\"c\" data-sfc-cb=\"\" data-complete=\"true\">Elektromekanik Kilit Sistemi:<\/strong>\u00a0Kaynaklar aras\u0131nda \u00e7ak\u0131\u015fmay\u0131 \u00f6nleyen g\u00fcvenli mekanik kilit mekanizmas\u0131 ile en \u00fcst d\u00fczey sistem g\u00fcvenli\u011fi sunar.<\/span><\/li>\n<li class=\"dF3vjf\" data-sfc-root=\"c\" data-sfc-cb=\"\" data-hveid=\"CAEIBxAD\" data-complete=\"true\" data-sae=\"\"><span class=\"T286Pc\" data-sfc-cp=\"\" data-sfc-root=\"c\" data-sfc-cb=\"\" data-complete=\"true\"><strong class=\"Yjhzub\" data-sfc-root=\"c\" data-sfc-cb=\"\" data-complete=\"true\">Y\u00fcksek Dayan\u0131kl\u0131l\u0131k:<\/strong> 2000 Amper nominal ak\u0131m kapasitesiyle a\u011f\u0131r \u015fartlarda, \u0131s\u0131nma yapmadan stabil performans sergiler.<\/span><\/li>\n<li class=\"dF3vjf\" data-sfc-root=\"c\" data-sfc-cb=\"\" data-hveid=\"CAEIBxAE\" data-sae=\"\" data-complete=\"true\"><span class=\"T286Pc\" data-sfc-cp=\"\" data-sfc-root=\"c\" data-sfc-cb=\"\" data-complete=\"true\"><strong class=\"Yjhzub\" data-sfc-root=\"c\" data-sfc-cb=\"\" data-complete=\"true\">Kullan\u0131c\u0131 Dostu Aray\u00fcz:<\/strong> Durum g\u00f6stergeleri ve manuel m\u00fcdahale se\u00e7ene\u011fiyle kolay izleme ve kontrol imk\u00e2n\u0131 tan\u0131r.<\/span><\/li>\n<\/ul>\n<div class=\"AdPoic\" role=\"heading\" aria-level=\"3\" data-animation-nesting=\"\" data-sfc-cp=\"\" data-sfc-root=\"c\" data-sfc-cb=\"\" data-complete=\"true\" data-processed=\"true\" data-sae=\"\"><strong class=\"Yjhzub\" data-sfc-root=\"c\" data-sfc-cb=\"\" data-complete=\"true\">Kullan\u0131m Alanlar\u0131:<\/strong><\/div>\n<ul class=\"KsbFXc U6u95\" data-sfc-root=\"c\" data-sfc-cb=\"\" data-processed=\"true\" data-complete=\"true\">\n<li class=\"dF3vjf\" data-sfc-root=\"c\" data-sfc-cb=\"\" data-hveid=\"CAEICRAA\" data-complete=\"true\" data-sae=\"\"><span class=\"T286Pc\" data-sfc-cp=\"\" data-sfc-root=\"c\" data-sfc-cb=\"\" data-complete=\"true\">Fabrikalar ve \u00dcretim Hatlar\u0131<\/span><\/li>\n<li class=\"dF3vjf\" data-sfc-root=\"c\" data-sfc-cb=\"\" data-hveid=\"CAEICRAB\" data-complete=\"true\" data-sae=\"\"><span class=\"T286Pc\" data-sfc-cp=\"\" data-sfc-root=\"c\" data-sfc-cb=\"\" data-complete=\"true\">Veri Merkezleri (Data Centers)<\/span><\/li>\n<li class=\"dF3vjf\" data-sfc-root=\"c\" data-sfc-cb=\"\" data-hveid=\"CAEICRAC\" data-sae=\"\" data-complete=\"true\"><span class=\"T286Pc\" data-sfc-cp=\"\" data-sfc-root=\"c\" data-sfc-cb=\"\" data-complete=\"true\">Hastaneler ve Sa\u011fl\u0131k Kompleksleri<\/span><\/li>\n<li class=\"dF3vjf\" data-sfc-root=\"c\" data-sfc-cb=\"\" data-hveid=\"CAEICRAD\" data-complete=\"true\" data-processed=\"true\" data-sae=\"\"><span class=\"T286Pc\" data-sfc-cp=\"\" data-sfc-root=\"c\" data-sfc-cb=\"\" data-complete=\"true\">Al\u0131\u015fveri\u015f Merkezleri ve Rezidanslar<\/span><\/li>\n<\/ul>\n<div class=\"Y3BBE\" data-sfc-cp=\"\" data-sfc-root=\"c\" data-sfc-cb=\"\" data-hveid=\"CAEIChAA\" data-complete=\"true\" data-processed=\"true\"><strong class=\"Yjhzub\" data-sfc-root=\"c\" data-sfc-cb=\"\" data-complete=\"true\" data-processed=\"true\" aria-owns=\"action-menu-parent-container\">Enerjiniz kesilmesin, i\u015finiz aksamas\u0131n. AYPOWER SHARK ATS serisi ile g\u00fc\u00e7 her zaman sizin kontrol\u00fcn\u00fczde.<\/strong><\/div>\n<div data-sfc-cp=\"\" data-sfc-root=\"c\" data-sfc-cb=\"\" data-hveid=\"CAEIChAA\" data-complete=\"true\" data-processed=\"true\"><\/div>\n<div data-sfc-cp=\"\" data-sfc-root=\"c\" data-sfc-cb=\"\" data-hveid=\"CAEIChAA\" data-complete=\"true\" data-processed=\"true\">2000A ATS, otomatik transfer \u015falteri, 2000 amper ATS, \u015febeke jenerat\u00f6r transfer panosu, otomatik transfer anahtar\u0131, 2000A jenerat\u00f6r \u015falteri, ATS panel fiyatlar\u0131, g\u00fc\u00e7 transfer \u015falteri, otomatik transfer sistemi, 2000A motorlu \u015falter, ATS kontrol cihaz\u0131, kesintisiz g\u00fc\u00e7 sistemleri, end\u00fcstriyel transfer \u015falteri, 4 kutuplu ATS, 3 fazl\u0131 otomatik transfer \u015falteri, pano tipi ATS, jenerat\u00f6r transfer switch, y\u00fck transfer \u015falteri, 2000A transfer mod\u00fcl\u00fc, enerji transfer sistemleri, otomatik y\u00fck ay\u0131r\u0131c\u0131, ATS pano imalat\u0131, 2000 amper \u015falter fiyatlar\u0131, otomatik kaynak se\u00e7ici, \u015febeke jenerat\u00f6r ay\u0131r\u0131c\u0131.<\/div>","protected":false},"excerpt":{"rendered":"<div class=\"otQkpb\" role=\"heading\" aria-level=\"3\" data-animation-nesting=\"\" data-sfc-cp=\"\" data-sfc-root=\"c\" data-sfc-cb=\"\" data-complete=\"true\" data-processed=\"true\" data-sae=\"\">G\u00fc\u00e7te S\u00fcreklilik, Y\u00f6netimde G\u00fcven: 2000A ATS \u00c7\u00f6z\u00fcmlerimiz<\/div>\n<div role=\"heading\" aria-level=\"3\" data-animation-nesting=\"\" data-sfc-cp=\"\" data-sfc-root=\"c\" data-sfc-cb=\"\" data-complete=\"true\" data-processed=\"true\" data-sae=\"\"><\/div>\n<div role=\"heading\" aria-level=\"3\" data-animation-nesting=\"\" data-sfc-cp=\"\" data-sfc-root=\"c\" data-sfc-cb=\"\" data-complete=\"true\" data-processed=\"true\" data-sae=\"\"><\/div>\n<div class=\"Y3BBE\" data-sfc-cp=\"\" data-sfc-root=\"c\" data-sfc-cb=\"\" data-hveid=\"CAEIAxAA\" data-complete=\"true\" data-processed=\"true\">G\u00fcn\u00fcm\u00fcz\u00fcn h\u0131zla dijitalle\u015fen d\u00fcnyas\u0131nda, enerjinin sadece var olmas\u0131 yetmiyor; bu enerjinin\u00a0<strong class=\"Yjhzub\" data-sfc-root=\"c\" data-sfc-cb=\"\" data-complete=\"true\" data-processed=\"true\">kesintisiz<\/strong>\u00a0ve\u00a0<strong class=\"Yjhzub\" data-sfc-root=\"c\" data-sfc-cb=\"\" data-complete=\"true\" data-processed=\"true\">ak\u0131ll\u0131<\/strong>\u00a0bir \u015fekilde y\u00f6netilmesi gerekiyor. Bir i\u015fletmenin kalbi, enerji altyap\u0131s\u0131n\u0131n dayan\u0131kl\u0131l\u0131\u011f\u0131 kadar h\u0131zl\u0131 atar.<\/div>\n<div class=\"Y3BBE\" data-sfc-cp=\"\" data-sfc-root=\"c\" data-sfc-cb=\"\" data-hveid=\"CAEIBBAA\" data-complete=\"true\" data-processed=\"true\" aria-owns=\"action-menu-parent-container\">AYPOWER olarak, end\u00fcstriyel tesislerden ticari binalara kadar kritik altyap\u0131lar\u0131n enerji g\u00fcvenli\u011fini sa\u011flamay\u0131 en temel sorumlulu\u011fumuz olarak g\u00f6r\u00fcyoruz. Bu sorumlulu\u011fun en somut \u00f6rneklerinden biri olan <strong class=\"Yjhzub\" data-sfc-root=\"c\" data-sfc-cb=\"\" data-complete=\"true\" data-processed=\"true\">2000A Otomatik Transfer \u015ealterimiz (ATS)<\/strong>, sadece bir anahtarlama eleman\u0131 de\u011fil; operasyonel m\u00fckemmelli\u011finizin sigortas\u0131d\u0131r.<\/div>\n<div data-sfc-cp=\"\" data-sfc-root=\"c\" data-sfc-cb=\"\" data-hveid=\"CAEIBBAA\" data-complete=\"true\" data-processed=\"true\" aria-owns=\"action-menu-parent-container\"><\/div>\n<div data-sfc-cp=\"\" data-sfc-root=\"c\" data-sfc-cb=\"\" data-hveid=\"CAEIBBAA\" data-complete=\"true\" data-processed=\"true\" aria-owns=\"action-menu-parent-container\"><\/div>","protected":false},"featured_media":30910,"template":"","meta":[],"product_brand":[],"product_cat":[15,389],"product_tag":[],"class_list":{"0":"post-23212","1":"product","2":"type-product","3":"status-publish","4":"has-post-thumbnail","6":"product_cat-tum-urunler","7":"product_cat-otomatik-transfer-salteri","8":"ts_product_brand-gucbir-jenerator","10":"first","11":"instock","12":"shipping-taxable","13":"purchasable","14":"product-type-simple"},"_links":{"self":[{"href":"https:\/\/www.jeneratorparcalari.com\/en\/wp-json\/wp\/v2\/product\/23212","targetHints":{"allow":["GET"]}}],"collection":[{"href":"https:\/\/www.jeneratorparcalari.com\/en\/wp-json\/wp\/v2\/product"}],"about":[{"href":"https:\/\/www.jeneratorparcalari.com\/en\/wp-json\/wp\/v2\/types\/product"}],"version-history":[{"count":5,"href":"https:\/\/www.jeneratorparcalari.com\/en\/wp-json\/wp\/v2\/product\/23212\/revisions"}],"predecessor-version":[{"id":30902,"href":"https:\/\/www.jeneratorparcalari.com\/en\/wp-json\/wp\/v2\/product\/23212\/revisions\/30902"}],"wp:featuredmedia":[{"embeddable":true,"href":"https:\/\/www.jeneratorparcalari.com\/en\/wp-json\/wp\/v2\/media\/30910"}],"wp:attachment":[{"href":"https:\/\/www.jeneratorparcalari.com\/en\/wp-json\/wp\/v2\/media?parent=23212"}],"wp:term":[{"taxonomy":"product_brand","embeddable":true,"href":"https:\/\/www.jeneratorparcalari.com\/en\/wp-json\/wp\/v2\/product_brand?post=23212"},{"taxonomy":"product_cat","embeddable":true,"href":"https:\/\/www.jeneratorparcalari.com\/en\/wp-json\/wp\/v2\/product_cat?post=23212"},{"taxonomy":"product_tag","embeddable":true,"href":"https:\/\/www.jeneratorparcalari.com\/en\/wp-json\/wp\/v2\/product_tag?post=23212"}],"curies":[{"name":"wp","href":"https:\/\/api.w.org\/{rel}","templated":true}]}}