

{"id":23203,"date":"2024-05-30T21:03:22","date_gmt":"2024-05-30T18:03:22","guid":{"rendered":"https:\/\/www.jeneratorparcalari.com\/?post_type=product&#038;p=23203"},"modified":"2026-01-14T14:59:52","modified_gmt":"2026-01-14T11:59:52","slug":"emko-gencharger-524s-aku-sarj-redresoru","status":"publish","type":"product","link":"https:\/\/www.jeneratorparcalari.com\/en\/product\/emko-gencharger-524s-aku-sarj-redresoru\/","title":{"rendered":"EMKO GENCHARGER 524S AK\u00dc \u015eARJ REDRES\u00d6R\u00dc"},"content":{"rendered":"<p>EMKO GENCHARGER 524S AK\u00dc \u015eARJ REDRES\u00d6R\u00dc<\/p>\n<p>524S GENCHARGER BATTERY CHARGER<br \/>\nTampon sarj, 67 KHz anahtarlama, Sabit \u00e7\u0131k\u0131s voltaj\u0131, Ak\u0131m s\u0131n\u0131rlama Ar\u0131za (R\u00f6le) \u00e7\u0131k\u0131s\u0131, Y\u00fcksek ak\u0131m ve k\u0131sa devre korumas\u0131, Ters ba\u011flant\u0131 korumas\u0131, Y\u00fcksek s\u0131cakl\u0131k korumas\u0131, Genis \u00e7al\u0131sma voltaj\u0131, Kursun asit bataryalara uygundur.<\/p>\n<p><strong><a href=\"https:\/\/www.emkoelektronik.com.tr\/en\/products\/gencharger\" rel=\"nofollow noopener\" target=\"_blank\">GENCHARGER<\/a> 524S Teknik \u00d6zellikler:<\/strong><br \/>\nBesleme Voltaj\u0131: 90-290V &#8211; 50\/60 Hz<br \/>\nA\u011f\u0131rl\u0131k: 370 gr.<br \/>\nBoyutlar:\u00a0 125mm \/ 95mm \/ 56 mm<br \/>\nKoruma S\u0131n\u0131f\u0131: IP20<\/p>\n<p>&#8211; 12 Vdc &#8211; 5 Amp<\/p>\n<p>&#8211; \u015eamand\u0131ral\u0131 \u015farj<\/p>\n<p>&#8211; 67 KHz anahtarlama<\/p>\n<p>&#8211; Sabit \u00e7\u0131k\u0131\u015f voltaj\u0131<\/p>\n<p>&#8211; Ak\u0131m s\u0131n\u0131rlama<\/p>\n<p>&#8211; Ar\u0131za (R\u00f6le) \u00e7\u0131k\u0131\u015f\u0131<\/p>\n<p>&#8211; Y\u00fcksek Ak\u0131m ve k\u0131sa devre korumas\u0131<\/p>\n<p>&#8211; Ters ba\u011flant\u0131 korumas\u0131<\/p>\n<p>&#8211; Y\u00fcksek voltaj korumas\u0131 (yaln\u0131zca S+ serisinde) &#8211; Y\u00fcksek s\u0131cakl\u0131k korumas\u0131<\/p>\n<p>&#8211; Geni\u015f \u00e7al\u0131\u015fma voltaj\u0131 aral\u0131\u011f\u0131<\/p>\n<p>&#8211; Kur\u015fun Asit ak\u00fcye uygun<\/p>\n<p>&#8211; %95 verimlilik<\/p>\n<p><strong>G\u0130R\u0130\u015e<\/strong><br \/>\nBoost Giri\u015fi: H\u0131zl\u0131 \u015farj giri\u015fi. H\u0131zl\u0131 sarja ba\u015flamak i\u00e7in, BOOST giri\u015flerini k\u0131sa devre ediniz.<\/p>\n<p><strong>\u00c7IKI\u015eLAR<\/strong><br \/>\nBatarya \u00e7\u0131k\u0131\u015f\u0131:<\/p>\n<p>* 12V 3 Amp. : 13,7VZ<\/p>\n<p>* 12V 5 Amp. : 13,7VZ<\/p>\n<p>* 24V 3 Amp. : 27,4VZ<\/p>\n<p>* 24V 5 Amp. : 27,4VZ<\/p>\n<p>Ar\u0131za \u00c7\u0131k\u0131\u015f\u0131:<\/p>\n<p>R\u00f6le \u00e7\u0131k\u0131\u015f\u0131<\/p>\n<p><strong>G\u00d6STERGE<br \/>\n<\/strong>Ye\u015fil Led g\u00f6sterge GENCHARGER cihaz\u0131n\u0131n anahtarlama yapt\u0131\u011f\u0131n\u0131 g\u00f6sterir.<\/p>\n<p>K\u0131rm\u0131z\u0131 Led g\u00f6sterge GENCHARGER cihaz\u0131n\u0131n ar\u0131zaya<\/p>\n<p><strong>Jenerat\u00f6r Ak\u00fc \u015earj Redres\u00f6r\u00fc Ba\u011flant\u0131 \u015eemas\u0131<br \/>\n<\/strong><\/p>\n<div id=\"attachment_29453\" style=\"width: 310px\" class=\"wp-caption alignnone\"><img fetchpriority=\"high\" decoding=\"async\" aria-describedby=\"caption-attachment-29453\" class=\"size-medium wp-image-29453\" src=\"https:\/\/www.jeneratorparcalari.com\/wp-content\/uploads\/2024\/05\/Gencharger_Baglanti-Semasi-300x196.jpg\" alt=\"Jenerat\u00f6r Ak\u00fc \u015earj Redres\u00f6r\u00fc Ba\u011flant\u0131 \u015eemas\u0131\" width=\"300\" height=\"196\" srcset=\"https:\/\/www.jeneratorparcalari.com\/wp-content\/uploads\/2024\/05\/Gencharger_Baglanti-Semasi-300x196.jpg 300w, https:\/\/www.jeneratorparcalari.com\/wp-content\/uploads\/2024\/05\/Gencharger_Baglanti-Semasi-1024x670.jpg 1024w, https:\/\/www.jeneratorparcalari.com\/wp-content\/uploads\/2024\/05\/Gencharger_Baglanti-Semasi-768x502.jpg 768w, https:\/\/www.jeneratorparcalari.com\/wp-content\/uploads\/2024\/05\/Gencharger_Baglanti-Semasi-340x222.jpg 340w, https:\/\/www.jeneratorparcalari.com\/wp-content\/uploads\/2024\/05\/Gencharger_Baglanti-Semasi-18x12.jpg 18w, https:\/\/www.jeneratorparcalari.com\/wp-content\/uploads\/2024\/05\/Gencharger_Baglanti-Semasi-1000x654.jpg 1000w, https:\/\/www.jeneratorparcalari.com\/wp-content\/uploads\/2024\/05\/Gencharger_Baglanti-Semasi.jpg 1200w\" sizes=\"(max-width: 300px) 100vw, 300px\" \/><p id=\"caption-attachment-29453\" class=\"wp-caption-text\">Jenerat\u00f6r Ak\u00fc \u015earj Redres\u00f6r\u00fc Ba\u011flant\u0131 \u015eemas\u0131<\/p><\/div>\n<p><strong>Ak\u00fc \u015earj Redres\u00f6r\u00fc Nedir?<\/strong><br \/>\nAk\u00fc \u015earj Redres\u00f6r\u00fc, hemen hemen her sekt\u00f6rde kullan\u0131lan ak\u00fclerinizi \u015farj etmek amac\u0131yla kullan\u0131lan elektrik cihazlar\u0131d\u0131r.<\/p>\n<p>Do\u011fru ak\u0131m kayna\u011f\u0131 veya ak\u00fc \u015farj cihaz\u0131 olarak kullan\u0131labilen \/ \u00c7\u0131k\u0131\u015f Gerilim, H\u0131zl\u0131 \u015earj Gerilimi \/ Y\u00fck ve Ak\u00fc ayr\u0131 \u00e7\u0131k\u0131\u015flar\u0131 olan \/ K\u0131sa Devre Korumas\u0131 \/ Uyar\u0131 \u00e7\u0131k\u0131\u015f\u0131 bulunan tam stabilize ve otomatik Cihazlard\u0131r.<\/p>\n<p>Sitemizde Ayr\u0131ca EMKO <a href=\"https:\/\/www.jeneratorparcalari.com\/en\/product\/emko-gencharger-524s-aku-sarj-redresoru\/\">GENCHARGER 524S AK\u00dc \u015eARJ REDRES\u00d6R\u00dc<\/a>, <a href=\"https:\/\/www.jeneratorparcalari.com\/en\/product\/512s-gencharger-battery-charger-12v-5a\/\">EMKO Gencharger 512 S AK\u00dc \u015eARJ REDRES\u00d6R\u00dc 12V 5A<\/a><\/p>\n<p>modelleri de sat\u0131\u015fta bulunmaktad\u0131r.<\/p>","protected":false},"excerpt":{"rendered":"<p>524S GENCHARGER BATTERY CHARGER<\/p>","protected":false},"featured_media":23580,"template":"","meta":[],"product_brand":[],"product_cat":[15,375],"product_tag":[473,470,474,471,476,472],"class_list":{"0":"post-23203","1":"product","2":"type-product","3":"status-publish","4":"has-post-thumbnail","6":"product_cat-tum-urunler","7":"product_cat-aku-sarj-redresoru","8":"product_tag-aku-redresor","9":"product_tag-aku-sarj-redresoru","10":"product_tag-gencharger-battery-charger","11":"product_tag-jenerator-aku-sarj-redresoru","12":"product_tag-jenerator-aku-sarj-redresoru-baglanti-semasi","13":"product_tag-redresor","14":"ts_product_brand-emko","15":"ts_product_brand-gucbir-jenerator","17":"first","18":"instock","19":"shipping-taxable","20":"purchasable","21":"product-type-simple"},"_links":{"self":[{"href":"https:\/\/www.jeneratorparcalari.com\/en\/wp-json\/wp\/v2\/product\/23203","targetHints":{"allow":["GET"]}}],"collection":[{"href":"https:\/\/www.jeneratorparcalari.com\/en\/wp-json\/wp\/v2\/product"}],"about":[{"href":"https:\/\/www.jeneratorparcalari.com\/en\/wp-json\/wp\/v2\/types\/product"}],"version-history":[{"count":5,"href":"https:\/\/www.jeneratorparcalari.com\/en\/wp-json\/wp\/v2\/product\/23203\/revisions"}],"predecessor-version":[{"id":29456,"href":"https:\/\/www.jeneratorparcalari.com\/en\/wp-json\/wp\/v2\/product\/23203\/revisions\/29456"}],"wp:featuredmedia":[{"embeddable":true,"href":"https:\/\/www.jeneratorparcalari.com\/en\/wp-json\/wp\/v2\/media\/23580"}],"wp:attachment":[{"href":"https:\/\/www.jeneratorparcalari.com\/en\/wp-json\/wp\/v2\/media?parent=23203"}],"wp:term":[{"taxonomy":"product_brand","embeddable":true,"href":"https:\/\/www.jeneratorparcalari.com\/en\/wp-json\/wp\/v2\/product_brand?post=23203"},{"taxonomy":"product_cat","embeddable":true,"href":"https:\/\/www.jeneratorparcalari.com\/en\/wp-json\/wp\/v2\/product_cat?post=23203"},{"taxonomy":"product_tag","embeddable":true,"href":"https:\/\/www.jeneratorparcalari.com\/en\/wp-json\/wp\/v2\/product_tag?post=23203"}],"curies":[{"name":"wp","href":"https:\/\/api.w.org\/{rel}","templated":true}]}}