

{"id":23188,"date":"2024-05-30T20:30:50","date_gmt":"2024-05-30T17:30:50","guid":{"rendered":"https:\/\/www.jeneratorparcalari.com\/?post_type=product&#038;p=23188"},"modified":"2024-11-06T02:37:28","modified_gmt":"2024-11-05T23:37:28","slug":"am1-125m-4300-gucbir-tms","status":"publish","type":"product","link":"https:\/\/www.jeneratorparcalari.com\/en\/product\/am1-125m-4300-gucbir-tms\/","title":{"rendered":"AM1-125M-4300 G\u00dc\u00c7B\u0130R TM\u015e"},"content":{"rendered":"<p>AM1-125M-4300 G\u00dc\u00c7B\u0130R TM\u015e<\/p>","protected":false},"excerpt":{"rendered":"<p>AM1-125M-4300 G\u00dc\u00c7B\u0130R TM\u015e<\/p>","protected":false},"featured_media":23568,"template":"","meta":[],"product_brand":[],"product_cat":[15,388],"product_tag":[],"class_list":{"0":"post-23188","1":"product","2":"type-product","3":"status-publish","4":"has-post-thumbnail","6":"product_cat-tum-urunler","7":"product_cat-devre-kesici","8":"ts_product_brand-gucbir-jenerator","10":"first","11":"instock","12":"shipping-taxable","13":"purchasable","14":"product-type-simple"},"_links":{"self":[{"href":"https:\/\/www.jeneratorparcalari.com\/en\/wp-json\/wp\/v2\/product\/23188","targetHints":{"allow":["GET"]}}],"collection":[{"href":"https:\/\/www.jeneratorparcalari.com\/en\/wp-json\/wp\/v2\/product"}],"about":[{"href":"https:\/\/www.jeneratorparcalari.com\/en\/wp-json\/wp\/v2\/types\/product"}],"version-history":[{"count":1,"href":"https:\/\/www.jeneratorparcalari.com\/en\/wp-json\/wp\/v2\/product\/23188\/revisions"}],"predecessor-version":[{"id":26872,"href":"https:\/\/www.jeneratorparcalari.com\/en\/wp-json\/wp\/v2\/product\/23188\/revisions\/26872"}],"wp:featuredmedia":[{"embeddable":true,"href":"https:\/\/www.jeneratorparcalari.com\/en\/wp-json\/wp\/v2\/media\/23568"}],"wp:attachment":[{"href":"https:\/\/www.jeneratorparcalari.com\/en\/wp-json\/wp\/v2\/media?parent=23188"}],"wp:term":[{"taxonomy":"product_brand","embeddable":true,"href":"https:\/\/www.jeneratorparcalari.com\/en\/wp-json\/wp\/v2\/product_brand?post=23188"},{"taxonomy":"product_cat","embeddable":true,"href":"https:\/\/www.jeneratorparcalari.com\/en\/wp-json\/wp\/v2\/product_cat?post=23188"},{"taxonomy":"product_tag","embeddable":true,"href":"https:\/\/www.jeneratorparcalari.com\/en\/wp-json\/wp\/v2\/product_tag?post=23188"}],"curies":[{"name":"wp","href":"https:\/\/api.w.org\/{rel}","templated":true}]}}